{"id":6809,"date":"2025-06-27T11:17:39","date_gmt":"2025-06-27T04:17:39","guid":{"rendered":"https:\/\/ancuhome.net\/?post_type=product&#038;p=6809"},"modified":"2025-07-04T14:50:00","modified_gmt":"2025-07-04T07:50:00","slug":"gio-hop-may-lot-vai","status":"publish","type":"product","link":"https:\/\/ancuhome.net\/index.php\/product\/gio-hop-may-lot-vai\/","title":{"rendered":"Gi\u1ecf H\u1ed9p M\u00e2y L\u00f3t V\u1ea3i"},"content":{"rendered":"<p><strong>Gi\u1ecf H\u1ed9p M\u00e2y L\u00f3t V\u1ea3i<\/strong><\/p>\n<p>K\u00edch th\u01b0\u1edbc:<\/p>\n<p>S: D32 x R23 x C12(cm)<\/p>\n<p>L: D37 x R27 x C16<span title=\"T\u1ed3n: 2 \u2212 KH \u0111\u1eb7t: 0\">(cm)<\/span><\/p>\n<p>M\u00e0u s\u1eafc: T\u1ef1 nhi\u00ean<\/p>\n<p>Xu\u1ea5t x\u1ee9: L\u00e0ng ngh\u1ec1 m\u00e2y tre \u0111an Ph\u00fa Vinh<\/p>\n<p>S\u1ea3n ph\u1ea9m th\u1ee7 c\u00f4ng \u0111\u01b0\u1ee3c ch\u1ebf t\u00e1c tinh x\u1ea3o, t\u1ec9 m\u1ec9 v\u1edbi ch\u1ea5t li\u1ec7u an to\u00e0n v\u00e0 th\u00e2n thi\u1ec7n v\u1edbi m\u00f4i tr\u01b0\u1eddng; c\u00f3 t\u00ecnh b\u1ec1n \u0111\u1eb9p, ch\u1eafc ch\u1eafn, \u0111\u1ed9 th\u00f4ng tho\u00e1ng cao. Ph\u00f9 h\u1ee3p \u0111\u1ec3 trang tr\u00ed, \u0111\u1ef1ng \u0111\u1ed3 \u0111i d\u00e3 ngo\u1ea1i, qu\u1ea7n \u00e1o,&#8230;<\/p>\n","protected":false},"excerpt":{"rendered":"<p>Gi\u1ecf H\u1ed9p M\u00e2y L\u00f3t V\u1ea3i K\u00edch th\u01b0\u1edbc: S: D32 x R23 x C12(cm) L: D37 x R27 x C16(cm) M\u00e0u s\u1eafc: T\u1ef1 nhi\u00ean Xu\u1ea5t x\u1ee9: L\u00e0ng ngh\u1ec1 m\u00e2y tre \u0111an Ph\u00fa Vinh S\u1ea3n ph\u1ea9m th\u1ee7 c\u00f4ng \u0111\u01b0\u1ee3c ch\u1ebf t\u00e1c tinh x\u1ea3o, t\u1ec9 m\u1ec9 v\u1edbi ch\u1ea5t li\u1ec7u an to\u00e0n v\u00e0 th\u00e2n thi\u1ec7n v\u1edbi m\u00f4i tr\u01b0\u1eddng; c\u00f3 [&hellip;]<\/p>\n","protected":false},"featured_media":6782,"comment_status":"open","ping_status":"closed","template":"","meta":{"content-type":""},"product_brand":[26],"product_cat":[36],"product_tag":[66],"class_list":{"0":"post-6809","1":"product","2":"type-product","3":"status-publish","4":"has-post-thumbnail","6":"product_brand-phuc-vinh","7":"product_cat-textiles","8":"product_tag-do-may","10":"first","11":"instock","12":"shipping-taxable","13":"purchasable","14":"product-type-simple"},"jetpack_sharing_enabled":true,"_links":{"self":[{"href":"https:\/\/ancuhome.net\/index.php\/wp-json\/wp\/v2\/product\/6809","targetHints":{"allow":["GET"]}}],"collection":[{"href":"https:\/\/ancuhome.net\/index.php\/wp-json\/wp\/v2\/product"}],"about":[{"href":"https:\/\/ancuhome.net\/index.php\/wp-json\/wp\/v2\/types\/product"}],"replies":[{"embeddable":true,"href":"https:\/\/ancuhome.net\/index.php\/wp-json\/wp\/v2\/comments?post=6809"}],"wp:featuredmedia":[{"embeddable":true,"href":"https:\/\/ancuhome.net\/index.php\/wp-json\/wp\/v2\/media\/6782"}],"wp:attachment":[{"href":"https:\/\/ancuhome.net\/index.php\/wp-json\/wp\/v2\/media?parent=6809"}],"wp:term":[{"taxonomy":"product_brand","embeddable":true,"href":"https:\/\/ancuhome.net\/index.php\/wp-json\/wp\/v2\/product_brand?post=6809"},{"taxonomy":"product_cat","embeddable":true,"href":"https:\/\/ancuhome.net\/index.php\/wp-json\/wp\/v2\/product_cat?post=6809"},{"taxonomy":"product_tag","embeddable":true,"href":"https:\/\/ancuhome.net\/index.php\/wp-json\/wp\/v2\/product_tag?post=6809"}],"curies":[{"name":"wp","href":"https:\/\/api.w.org\/{rel}","templated":true}]}}