{"id":6672,"date":"2025-06-23T17:17:30","date_gmt":"2025-06-23T10:17:30","guid":{"rendered":"https:\/\/ancuhome.net\/?post_type=product&#038;p=6672"},"modified":"2025-06-27T11:44:01","modified_gmt":"2025-06-27T04:44:01","slug":"cuu","status":"publish","type":"product","link":"https:\/\/ancuhome.net\/index.php\/product\/cuu\/","title":{"rendered":"T\u01b0\u1ee3ng D\u00ea"},"content":{"rendered":"<p><strong>T\u01b0\u1ee3ng D\u00ea<\/strong><\/p>\n<p>K\u00edch th\u01b0\u1edbc: D27 x H25 (cm)<\/p>\n<p>Ch\u1ea5t li\u1ec7u: \u0110\u1ea5t nung<\/p>\n<p>Xu\u1ea5t x\u1ee9: V\u0129nh Long<\/p>\n<p>S\u1ea3n ph\u1ea9m \u0111\u01b0\u1ee3c l\u00e0m t\u1eeb \u0111\u1ea5t s\u00e9t nung, sau \u0111\u00f3 \u0111\u01b0\u1ee3c x\u1eed l\u00fd b\u1ec1 m\u1eb7t \u0111\u1ec3 t\u1ea1o hi\u1ec7u \u1ee9ng c\u1ed5 k\u00ednh, r\u00eau phong, ho\u1eb7c c\u00e1c v\u1ec7t loang m\u00e0u, gi\u00fap mang l\u1ea1i v\u1ebb \u0111\u1eb9p m\u1ed9c m\u1ea1c v\u00e0 ngh\u1ec7 thu\u1eadt cho kh\u00f4ng gian.<\/p>\n<p>\u1ee8ng d\u1ee5ng: Trang tr\u00ed s\u00e2n v\u01b0\u1eddn, ban c\u00f4ng.<\/p>\n","protected":false},"excerpt":{"rendered":"<p>T\u01b0\u1ee3ng D\u00ea K\u00edch th\u01b0\u1edbc: D27 x H25 (cm) Ch\u1ea5t li\u1ec7u: \u0110\u1ea5t nung Xu\u1ea5t x\u1ee9: V\u0129nh Long S\u1ea3n ph\u1ea9m \u0111\u01b0\u1ee3c l\u00e0m t\u1eeb \u0111\u1ea5t s\u00e9t nung, sau \u0111\u00f3 \u0111\u01b0\u1ee3c x\u1eed l\u00fd b\u1ec1 m\u1eb7t \u0111\u1ec3 t\u1ea1o hi\u1ec7u \u1ee9ng c\u1ed5 k\u00ednh, r\u00eau phong, ho\u1eb7c c\u00e1c v\u1ec7t loang m\u00e0u, gi\u00fap mang l\u1ea1i v\u1ebb \u0111\u1eb9p m\u1ed9c m\u1ea1c v\u00e0 ngh\u1ec7 thu\u1eadt cho [&hellip;]<\/p>\n","protected":false},"featured_media":6678,"comment_status":"open","ping_status":"closed","template":"","meta":{"content-type":""},"product_brand":[],"product_cat":[38],"product_tag":[65],"class_list":{"0":"post-6672","1":"product","2":"type-product","3":"status-publish","4":"has-post-thumbnail","6":"product_cat-chau-cay","7":"product_tag-tuong-trang-tri","9":"first","10":"instock","11":"shipping-taxable","12":"purchasable","13":"product-type-simple"},"jetpack_sharing_enabled":true,"_links":{"self":[{"href":"https:\/\/ancuhome.net\/index.php\/wp-json\/wp\/v2\/product\/6672","targetHints":{"allow":["GET"]}}],"collection":[{"href":"https:\/\/ancuhome.net\/index.php\/wp-json\/wp\/v2\/product"}],"about":[{"href":"https:\/\/ancuhome.net\/index.php\/wp-json\/wp\/v2\/types\/product"}],"replies":[{"embeddable":true,"href":"https:\/\/ancuhome.net\/index.php\/wp-json\/wp\/v2\/comments?post=6672"}],"wp:featuredmedia":[{"embeddable":true,"href":"https:\/\/ancuhome.net\/index.php\/wp-json\/wp\/v2\/media\/6678"}],"wp:attachment":[{"href":"https:\/\/ancuhome.net\/index.php\/wp-json\/wp\/v2\/media?parent=6672"}],"wp:term":[{"taxonomy":"product_brand","embeddable":true,"href":"https:\/\/ancuhome.net\/index.php\/wp-json\/wp\/v2\/product_brand?post=6672"},{"taxonomy":"product_cat","embeddable":true,"href":"https:\/\/ancuhome.net\/index.php\/wp-json\/wp\/v2\/product_cat?post=6672"},{"taxonomy":"product_tag","embeddable":true,"href":"https:\/\/ancuhome.net\/index.php\/wp-json\/wp\/v2\/product_tag?post=6672"}],"curies":[{"name":"wp","href":"https:\/\/api.w.org\/{rel}","templated":true}]}}