{"id":6653,"date":"2025-06-22T13:34:23","date_gmt":"2025-06-22T06:34:23","guid":{"rendered":"https:\/\/ancuhome.net\/?post_type=product&#038;p=6653"},"modified":"2025-06-22T13:34:24","modified_gmt":"2025-06-22T06:34:24","slug":"ke-go-zikzac-zikzac-cabinet","status":"publish","type":"product","link":"https:\/\/ancuhome.net\/index.php\/product\/ke-go-zikzac-zikzac-cabinet\/","title":{"rendered":"K\u1ec7 G\u1ed7 Zikzac &#8211; Zikzac Cabinet"},"content":{"rendered":"<p><strong>K\u1ec7 G\u1ed7 Zikzac &#8211; Zikzac Cabinet<\/strong><\/p>\n<p>K\u00edch Th\u01b0\u1edbc:<\/p>\n<ul>\n<li>T\u1ee7 Kh\u00f4ng Ch\u00e2n: D140 x R40 x C60cm<\/li>\n<li>T\u1ee7 C\u00f3 Ch\u00e2n: D140 x R40 x C70 cm<\/li>\n<\/ul>\n<p>Ch\u1ea5t li\u1ec7u: G\u1ed7 keo t\u1ef1 nhi\u00ean<\/p>\n<p>Ho\u00e0n thi\u1ec7n: Lau d\u1ea7u th\u1ef1c v\u1eadt, kh\u00f4ng ho\u00e1 ch\u1ea5t \u0111\u1ed9c h\u1ea1i.<\/p>\n<p>T\u1ee7 k\u1ec7 g\u1ed7 \u0111a n\u0103ng l\u00e0 gi\u1ea3i ph\u00e1p l\u01b0u tr\u1eef ho\u00e0n h\u1ea3o cho kh\u00f4ng gian s\u1ed1ng hi\u1ec7n \u0111\u1ea1i: v\u1eeba l\u00e0m k\u1ec7 ti vi, t\u1ee7 \u0111\u1ec3 \u0111\u1ed3, v\u1eeba c\u00f3 h\u1ec3 s\u1eed d\u1ee5ng l\u00e0m k\u1ec7 s\u00e1ch, trang tr\u00ed ho\u1eb7c \u0111\u1ef1ng \u0111\u1ed3 d\u00f9ng c\u00e1 nh\u00e2n.<\/p>\n<ul>\n<li>Thi\u1ebft k\u1ebf t\u1ed1i gi\u1ea3n, \u0111a n\u0103ng s\u1eed d\u1ee5ng: ph\u00f9 h\u1ee3p ph\u00f2ng kh\u00e1ch, ph\u00f2ng h\u1ecdc, ph\u00f2ng l\u00e0m vi\u1ec7c ho\u1eb7c c\u0103n h\u1ed9 nh\u1ecf.<\/li>\n<li>Ch\u1ea5t li\u1ec7u g\u1ed7 keo b\u1ec1n ch\u1eafc, th\u00e2n thi\u1ec7n v\u1edbi m\u00f4i tr\u01b0\u1eddng: ch\u1ecbu l\u1ef1c t\u1ed1t, \u00edt cong v\u00eanh, m\u1ed1i m\u1ecdt.<\/li>\n<li>Ho\u00e0n thi\u1ec7n lau d\u1ea7u an to\u00e0n: b\u1ec1 m\u1eb7t m\u1ecbn, kh\u00f4ng \u0111\u1ed9c h\u1ea1i.<\/li>\n<\/ul>\n<p>&nbsp;<\/p>\n<p>&nbsp;<\/p>\n","protected":false},"excerpt":{"rendered":"<p>K\u1ec7 G\u1ed7 Zikzac &#8211; Zikzac Cabinet K\u00edch Th\u01b0\u1edbc: T\u1ee7 Kh\u00f4ng Ch\u00e2n: D140 x R40 x C60cm T\u1ee7 C\u00f3 Ch\u00e2n: D140 x R40 x C70 cm Ch\u1ea5t li\u1ec7u: G\u1ed7 keo t\u1ef1 nhi\u00ean Ho\u00e0n thi\u1ec7n: Lau d\u1ea7u th\u1ef1c v\u1eadt, kh\u00f4ng ho\u00e1 ch\u1ea5t \u0111\u1ed9c h\u1ea1i. T\u1ee7 k\u1ec7 g\u1ed7 \u0111a n\u0103ng l\u00e0 gi\u1ea3i ph\u00e1p l\u01b0u tr\u1eef ho\u00e0n h\u1ea3o cho [&hellip;]<\/p>\n","protected":false},"featured_media":6432,"comment_status":"open","ping_status":"closed","template":"","meta":{"content-type":""},"product_brand":[],"product_cat":[40],"product_tag":[],"class_list":{"0":"post-6653","1":"product","2":"type-product","3":"status-publish","4":"has-post-thumbnail","6":"product_cat-noi-that","8":"first","9":"instock","10":"shipping-taxable","11":"purchasable","12":"product-type-variable"},"jetpack_sharing_enabled":true,"_links":{"self":[{"href":"https:\/\/ancuhome.net\/index.php\/wp-json\/wp\/v2\/product\/6653","targetHints":{"allow":["GET"]}}],"collection":[{"href":"https:\/\/ancuhome.net\/index.php\/wp-json\/wp\/v2\/product"}],"about":[{"href":"https:\/\/ancuhome.net\/index.php\/wp-json\/wp\/v2\/types\/product"}],"replies":[{"embeddable":true,"href":"https:\/\/ancuhome.net\/index.php\/wp-json\/wp\/v2\/comments?post=6653"}],"wp:featuredmedia":[{"embeddable":true,"href":"https:\/\/ancuhome.net\/index.php\/wp-json\/wp\/v2\/media\/6432"}],"wp:attachment":[{"href":"https:\/\/ancuhome.net\/index.php\/wp-json\/wp\/v2\/media?parent=6653"}],"wp:term":[{"taxonomy":"product_brand","embeddable":true,"href":"https:\/\/ancuhome.net\/index.php\/wp-json\/wp\/v2\/product_brand?post=6653"},{"taxonomy":"product_cat","embeddable":true,"href":"https:\/\/ancuhome.net\/index.php\/wp-json\/wp\/v2\/product_cat?post=6653"},{"taxonomy":"product_tag","embeddable":true,"href":"https:\/\/ancuhome.net\/index.php\/wp-json\/wp\/v2\/product_tag?post=6653"}],"curies":[{"name":"wp","href":"https:\/\/api.w.org\/{rel}","templated":true}]}}