{"id":6587,"date":"2025-06-13T14:41:15","date_gmt":"2025-06-13T07:41:15","guid":{"rendered":"https:\/\/ancuhome.net\/?post_type=product&#038;p=6587"},"modified":"2025-06-22T16:26:38","modified_gmt":"2025-06-22T09:26:38","slug":"ban-an","status":"publish","type":"product","link":"https:\/\/ancuhome.net\/index.php\/product\/ban-an\/","title":{"rendered":"B\u00e0n \u1ea4m C\u00fang &#8211; Rustic Dinning Table"},"content":{"rendered":"<p><strong>B\u00e0n \u1ea4m C\u00fang &#8211; Rustic Dinning Table<\/strong><\/p>\n<p>K\u00edch th\u01b0\u1edbc: D135 x R80 x C72 cm<\/p>\n<p>Ch\u1ea5t li\u1ec7u: G\u1ed7 keo t\u1ef1 nhi\u00ean<\/p>\n<p>Ho\u00e0n thi\u1ec7n: Lau d\u1ea7u th\u1ef1c v\u1eadt &#8211; kh\u00f4ng ho\u00e1 ch\u1ea5t \u0111\u1ed9c h\u1ea1i.<\/p>\n<p>L\u1ef1a ch\u1ecdn ho\u00e0n h\u1ea3o cho kh\u00f4ng gian b\u1ebfp gia \u0111\u00ecnh, qu\u00e1n \u0103n nh\u1ecf, ho\u1eb7c g\u00f3c l\u00e0m vi\u1ec7c \u1ea5m c\u00fang. B\u00e0n \u0102n G\u1ed7 Keo mang \u0111\u1ebfn s\u1ef1 ti\u1ec7n d\u1ee5ng v\u00e0 v\u1ebb \u0111\u1eb9p m\u1ed9c m\u1ea1c g\u1ea7n g\u0169i.<\/p>\n<ul>\n<li>Ki\u1ec3u d\u00e1ng hi\u1ec7n \u0111\u1ea1i, ti\u1ebft ki\u1ec7m kh\u00f4ng gian: Thi\u1ebft k\u1ebf g\u1ecdn g\u00e0ng, d\u1ec5 b\u00e0i tr\u00ed trong nhi\u1ec1u ki\u1ec3u n\u1ed9i th\u1ea5t.<\/li>\n<li>G\u1ed7 keo ch\u1eafc ch\u1eafn &#8211; v\u00e2n g\u1ed7 t\u1ef1 nhi\u00ean \u0111\u1eb9p m\u1eaft: \u0111\u1ea3m b\u1ea3o \u0111\u1ed9 b\u1ec1n cao, ch\u1ecbu l\u1ef1c t\u1ed1t.<\/li>\n<li>Ho\u00e0n thi\u1ec7n lau d\u1ea7u an to\u00e0n: s\u1eed d\u1ee5ng d\u1ea7u th\u1ef1c v\u1eadt kh\u00f4ng \u0111\u1ed9c h\u1ea1i, b\u1ea3o v\u1ec7 s\u1ee9c kho\u1ebb ng\u01b0\u1eddi d\u00f9ng.<\/li>\n<li>B\u1ec1 m\u1eb7t m\u1ecbn m\u00e0ng, d\u1ec5 v\u1ec7 sinh, b\u1ec1n m\u00e0u theo th\u1eddi gian.<\/li>\n<\/ul>\n","protected":false},"excerpt":{"rendered":"<p>B\u00e0n \u1ea4m C\u00fang &#8211; Rustic Dinning Table K\u00edch th\u01b0\u1edbc: D135 x R80 x C72 cm Ch\u1ea5t li\u1ec7u: G\u1ed7 keo t\u1ef1 nhi\u00ean Ho\u00e0n thi\u1ec7n: Lau d\u1ea7u th\u1ef1c v\u1eadt &#8211; kh\u00f4ng ho\u00e1 ch\u1ea5t \u0111\u1ed9c h\u1ea1i. L\u1ef1a ch\u1ecdn ho\u00e0n h\u1ea3o cho kh\u00f4ng gian b\u1ebfp gia \u0111\u00ecnh, qu\u00e1n \u0103n nh\u1ecf, ho\u1eb7c g\u00f3c l\u00e0m vi\u1ec7c \u1ea5m c\u00fang. B\u00e0n \u0102n G\u1ed7 [&hellip;]<\/p>\n","protected":false},"featured_media":6583,"comment_status":"open","ping_status":"closed","template":"","meta":{"content-type":""},"product_brand":[],"product_cat":[40],"product_tag":[54],"class_list":{"0":"post-6587","1":"product","2":"type-product","3":"status-publish","4":"has-post-thumbnail","6":"product_cat-noi-that","7":"product_tag-wood","9":"first","10":"instock","11":"shipping-taxable","12":"purchasable","13":"product-type-simple"},"jetpack_sharing_enabled":true,"_links":{"self":[{"href":"https:\/\/ancuhome.net\/index.php\/wp-json\/wp\/v2\/product\/6587","targetHints":{"allow":["GET"]}}],"collection":[{"href":"https:\/\/ancuhome.net\/index.php\/wp-json\/wp\/v2\/product"}],"about":[{"href":"https:\/\/ancuhome.net\/index.php\/wp-json\/wp\/v2\/types\/product"}],"replies":[{"embeddable":true,"href":"https:\/\/ancuhome.net\/index.php\/wp-json\/wp\/v2\/comments?post=6587"}],"wp:featuredmedia":[{"embeddable":true,"href":"https:\/\/ancuhome.net\/index.php\/wp-json\/wp\/v2\/media\/6583"}],"wp:attachment":[{"href":"https:\/\/ancuhome.net\/index.php\/wp-json\/wp\/v2\/media?parent=6587"}],"wp:term":[{"taxonomy":"product_brand","embeddable":true,"href":"https:\/\/ancuhome.net\/index.php\/wp-json\/wp\/v2\/product_brand?post=6587"},{"taxonomy":"product_cat","embeddable":true,"href":"https:\/\/ancuhome.net\/index.php\/wp-json\/wp\/v2\/product_cat?post=6587"},{"taxonomy":"product_tag","embeddable":true,"href":"https:\/\/ancuhome.net\/index.php\/wp-json\/wp\/v2\/product_tag?post=6587"}],"curies":[{"name":"wp","href":"https:\/\/api.w.org\/{rel}","templated":true}]}}