{"id":6580,"date":"2025-06-13T14:38:00","date_gmt":"2025-06-13T07:38:00","guid":{"rendered":"https:\/\/ancuhome.net\/?post_type=product&#038;p=6580"},"modified":"2025-06-22T12:58:13","modified_gmt":"2025-06-22T05:58:13","slug":"ban-tron-go-keo","status":"publish","type":"product","link":"https:\/\/ancuhome.net\/index.php\/product\/ban-tron-go-keo\/","title":{"rendered":"B\u00e0n Tr\u00f2n G\u1ed7 Keo &#8211; Acacia Round Table"},"content":{"rendered":"<p><strong>B\u00e0n Tr\u00f2n G\u1ed7 Keo &#8211; Acacia Round Table<\/strong><\/p>\n<p>K\u00edch th\u01b0\u1edbc: D90 x H75 cm<\/p>\n<p>Ch\u1ea5t li\u1ec7u: G\u1ed7 keo t\u1ef1 nhi\u00ean<\/p>\n<p>Ho\u00e0n thi\u1ec7n lau d\u1ea7u &#8211; 0%VOC &#8211; An to\u00e0n cho ng\u01b0\u1eddi s\u1eed d\u1ee5ng<\/p>\n<p>Mang l\u1ea1i v\u1ebb \u0111\u1eb9p \u1ea5m c\u00fang v\u00e0 g\u1ea7n g\u0169i cho kh\u00f4ng gian s\u1ed1ng, B\u00e0n Tr\u00f2n G\u1ed7 Keo l\u00e0 l\u1ef1a ch\u1ecdn l\u00fd t\u01b0\u1edfng cho ph\u00f2ng \u0103n, qu\u00e1n c\u00e0 ph\u00ea, hay kh\u00f4ng gian l\u00e0m vi\u1ec7c s\u00e1ng t\u1ea1o.<\/p>\n<ul>\n<li>Thi\u1ebft k\u1ebf t\u1ed1i gi\u1ea3n, \u0111\u01b0\u1eddng n\u00e9t tr\u00f2n m\u1ec1m m\u1ea1i, ph\u00f9 h\u1ee3p v\u1edbi nhi\u1ec1u phong c\u00e1ch n\u1ed9i th\u1ea5t t\u1eeb hi\u1ec7n \u0111\u1ea1i \u0111\u1ebfn m\u1ed9c m\u1ea1c.<\/li>\n<li>G\u1ed7 keo b\u1ec1n ch\u1eafc &#8211; th\u00e2n thi\u1ec7n v\u1edbi m\u00f4i tr\u01b0\u1eddng: kh\u1ea3 n\u0103ng ch\u1ecbu l\u1ef1c t\u1ed1t, v\u00e2n g\u1ed7 \u0111\u1eb9p t\u1ef1 nhi\u00ean.<\/li>\n<li>Lau d\u1ea7u an to\u00e0n: b\u1ec1 m\u1eb7t \u0111\u01b0\u1ee3c ho\u00e0n thi\u1ec7n b\u1eb1ng d\u1ea7u lau th\u1ef1c v\u1eadt cao c\u1ea5p, kh\u00f4ng ch\u1ee9a VOC, an to\u00e0n cho tr\u1ebb nh\u1ecf v\u00e0 ng\u01b0\u1eddi l\u1edbn.<\/li>\n<li>D\u1ec5 lau ch\u00f9i, b\u1ec1n m\u00e0u theo th\u1eddi gian.<\/li>\n<\/ul>\n","protected":false},"excerpt":{"rendered":"<p>B\u00e0n Tr\u00f2n G\u1ed7 Keo &#8211; Acacia Round Table K\u00edch th\u01b0\u1edbc: D90 x H75 cm Ch\u1ea5t li\u1ec7u: G\u1ed7 keo t\u1ef1 nhi\u00ean Ho\u00e0n thi\u1ec7n lau d\u1ea7u &#8211; 0%VOC &#8211; An to\u00e0n cho ng\u01b0\u1eddi s\u1eed d\u1ee5ng Mang l\u1ea1i v\u1ebb \u0111\u1eb9p \u1ea5m c\u00fang v\u00e0 g\u1ea7n g\u0169i cho kh\u00f4ng gian s\u1ed1ng, B\u00e0n Tr\u00f2n G\u1ed7 Keo l\u00e0 l\u1ef1a ch\u1ecdn l\u00fd t\u01b0\u1edfng [&hellip;]<\/p>\n","protected":false},"featured_media":6584,"comment_status":"open","ping_status":"closed","template":"","meta":{"content-type":""},"product_brand":[],"product_cat":[40],"product_tag":[54],"class_list":{"0":"post-6580","1":"product","2":"type-product","3":"status-publish","4":"has-post-thumbnail","6":"product_cat-noi-that","7":"product_tag-wood","9":"first","10":"instock","11":"shipping-taxable","12":"purchasable","13":"product-type-simple"},"jetpack_sharing_enabled":true,"_links":{"self":[{"href":"https:\/\/ancuhome.net\/index.php\/wp-json\/wp\/v2\/product\/6580","targetHints":{"allow":["GET"]}}],"collection":[{"href":"https:\/\/ancuhome.net\/index.php\/wp-json\/wp\/v2\/product"}],"about":[{"href":"https:\/\/ancuhome.net\/index.php\/wp-json\/wp\/v2\/types\/product"}],"replies":[{"embeddable":true,"href":"https:\/\/ancuhome.net\/index.php\/wp-json\/wp\/v2\/comments?post=6580"}],"wp:featuredmedia":[{"embeddable":true,"href":"https:\/\/ancuhome.net\/index.php\/wp-json\/wp\/v2\/media\/6584"}],"wp:attachment":[{"href":"https:\/\/ancuhome.net\/index.php\/wp-json\/wp\/v2\/media?parent=6580"}],"wp:term":[{"taxonomy":"product_brand","embeddable":true,"href":"https:\/\/ancuhome.net\/index.php\/wp-json\/wp\/v2\/product_brand?post=6580"},{"taxonomy":"product_cat","embeddable":true,"href":"https:\/\/ancuhome.net\/index.php\/wp-json\/wp\/v2\/product_cat?post=6580"},{"taxonomy":"product_tag","embeddable":true,"href":"https:\/\/ancuhome.net\/index.php\/wp-json\/wp\/v2\/product_tag?post=6580"}],"curies":[{"name":"wp","href":"https:\/\/api.w.org\/{rel}","templated":true}]}}