{"id":6498,"date":"2025-06-11T13:50:20","date_gmt":"2025-06-11T06:50:20","guid":{"rendered":"https:\/\/ancuhome.net\/?post_type=product&#038;p=6498"},"modified":"2025-06-22T12:01:45","modified_gmt":"2025-06-22T05:01:45","slug":"ban-hoc-go-keo","status":"publish","type":"product","link":"https:\/\/ancuhome.net\/index.php\/product\/ban-hoc-go-keo\/","title":{"rendered":"B\u00e0n L\u00e0m Vi\u1ec7c &#8211; Sawhorse Desk"},"content":{"rendered":"<p><strong>B\u00e0n L\u00e0m Vi\u1ec7c &#8211; Sawhorse Desk<\/strong><\/p>\n<p>K\u00edch th\u01b0\u1edbc: 160 x 70 x 75 cm<\/p>\n<p>Ch\u1ea5t Li\u1ec7u: G\u1ed7 keo<\/p>\n<p>M\u00e0u s\u1eafc: T\u1ef1 nhi\u00ean<\/p>\n<p>Ho\u00e0n thi\u1ec7n lau d\u1ea7u &#8211; 0% VOC &#8211; An to\u00e0n cho ng\u01b0\u1eddi s\u1eed d\u1ee5ng.<\/p>\n<p>V\u1edbi ti\u00eau ch\u00ed &#8220;less is more&#8221;, s\u1ea3n ph\u1ea9m c\u00f3 thi\u1ebft k\u1ebf \u0111\u01a1n gi\u1ea3n nh\u1eb1m t\u00f4n l\u00ean c\u00e1 t\u00ednh, d\u1ea5u \u1ea5n c\u00e1 nh\u00e2n c\u1ee7a ch\u00ednh b\u1ea1n.<\/p>\n<p>B\u00e0n c\u00f3 chi\u1ec1u d\u00e0i l\u00ean t\u1edbi 160cm &#8211; m\u1ed9t k\u00edch th\u01b0\u1edbc r\u1ed9ng r\u00e3i, tho\u1ea3i m\u00e1i ngay c\u1ea3 khi b\u1ea1n ph\u1ea3i l\u00e0m vi\u1ec7c c\u00f9ng l\u00fac v\u1edbi 2 chi\u1ebfc m\u00e0n h\u00ecnh desktop. T\u1ea5t c\u1ea3 c\u00e1c c\u1ea1nh b\u00e0n \u0111\u1ec1u \u0111\u01b0\u1ee3c bo g\u00f3c m\u1ed9t c\u00e1ch nh\u1eb9 nh\u00e0ng v\u00e0 kh\u00e9o l\u00e9o, gi\u00fap b\u1ea1n lo\u1ea1i b\u1ecf c\u1ea3m gi\u00e1c \u0111au \u0111\u1edbn khi t\u00ec tay m\u00e0 nh\u1eefng chi\u1ebfc b\u00e0n vu\u00f4ng th\u00e0nh s\u1eafc c\u1ea1nh g\u00e2y ra.<\/p>\n<p>Hai b\u00ean c\u00f3 gi\u00e1 \u0111\u1ee1 ch\u1eafc ch\u1eafn, c\u1ee9ng c\u00e1p c\u00f3 th\u1ec3 l\u01b0u tr\u1eef, s\u1eafp x\u1ebfp t\u00e0i li\u1ec7u v\u00e0 c\u00e1c v\u1eadt d\u1ee5ng c\u1ea7n thi\u1ebft.<\/p>\n<p>S\u1ea3n ph\u1ea9m c\u00f3 m\u00e0u s\u1eafc nguy\u00ean b\u1ea3n, t\u00f4n l\u00ean v\u1ebb \u0111\u1eb9p t\u1ef1 nhi\u00ean c\u1ee7a t\u1eebng th\u1edb g\u1ed7 &#8211; v\u1eeba t\u1ea1o ra s\u1ef1 t\u01b0\u01a1i m\u1edbi, v\u1eeba ph\u1ea3ng ph\u1ea5t phong v\u1ecb c\u1ee7a s\u1ef1 ho\u00e0i c\u1ed5.<\/p>\n","protected":false},"excerpt":{"rendered":"<p>B\u00e0n L\u00e0m Vi\u1ec7c &#8211; Sawhorse Desk K\u00edch th\u01b0\u1edbc: 160 x 70 x 75 cm Ch\u1ea5t Li\u1ec7u: G\u1ed7 keo M\u00e0u s\u1eafc: T\u1ef1 nhi\u00ean Ho\u00e0n thi\u1ec7n lau d\u1ea7u &#8211; 0% VOC &#8211; An to\u00e0n cho ng\u01b0\u1eddi s\u1eed d\u1ee5ng. V\u1edbi ti\u00eau ch\u00ed &#8220;less is more&#8221;, s\u1ea3n ph\u1ea9m c\u00f3 thi\u1ebft k\u1ebf \u0111\u01a1n gi\u1ea3n nh\u1eb1m t\u00f4n l\u00ean c\u00e1 t\u00ednh, d\u1ea5u [&hellip;]<\/p>\n","protected":false},"featured_media":6450,"comment_status":"open","ping_status":"closed","template":"","meta":{"content-type":""},"product_brand":[],"product_cat":[40],"product_tag":[53,54],"class_list":{"0":"post-6498","1":"product","2":"type-product","3":"status-publish","4":"has-post-thumbnail","6":"product_cat-noi-that","7":"product_tag-ban-ghe","8":"product_tag-wood","10":"first","11":"instock","12":"shipping-taxable","13":"purchasable","14":"product-type-simple"},"jetpack_sharing_enabled":true,"_links":{"self":[{"href":"https:\/\/ancuhome.net\/index.php\/wp-json\/wp\/v2\/product\/6498","targetHints":{"allow":["GET"]}}],"collection":[{"href":"https:\/\/ancuhome.net\/index.php\/wp-json\/wp\/v2\/product"}],"about":[{"href":"https:\/\/ancuhome.net\/index.php\/wp-json\/wp\/v2\/types\/product"}],"replies":[{"embeddable":true,"href":"https:\/\/ancuhome.net\/index.php\/wp-json\/wp\/v2\/comments?post=6498"}],"wp:featuredmedia":[{"embeddable":true,"href":"https:\/\/ancuhome.net\/index.php\/wp-json\/wp\/v2\/media\/6450"}],"wp:attachment":[{"href":"https:\/\/ancuhome.net\/index.php\/wp-json\/wp\/v2\/media?parent=6498"}],"wp:term":[{"taxonomy":"product_brand","embeddable":true,"href":"https:\/\/ancuhome.net\/index.php\/wp-json\/wp\/v2\/product_brand?post=6498"},{"taxonomy":"product_cat","embeddable":true,"href":"https:\/\/ancuhome.net\/index.php\/wp-json\/wp\/v2\/product_cat?post=6498"},{"taxonomy":"product_tag","embeddable":true,"href":"https:\/\/ancuhome.net\/index.php\/wp-json\/wp\/v2\/product_tag?post=6498"}],"curies":[{"name":"wp","href":"https:\/\/api.w.org\/{rel}","templated":true}]}}