{"id":6451,"date":"2025-06-11T13:02:10","date_gmt":"2025-06-11T06:02:10","guid":{"rendered":"https:\/\/ancuhome.net\/?post_type=product&#038;p=6451"},"modified":"2025-06-16T13:04:07","modified_gmt":"2025-06-16T06:04:07","slug":"tham-coi","status":"publish","type":"product","link":"https:\/\/ancuhome.net\/index.php\/product\/tham-coi\/","title":{"rendered":"Th\u1ea3m C\u00f3i"},"content":{"rendered":"<p>K\u00edch th\u01b0\u1edbc:<\/p>\n<p>S: 60x150cm<\/p>\n<p>M: 90x150cm<\/p>\n<p>M\u00e0u s\u1eafc: T\u1ef1 nhi\u00ean<\/p>\n<p>Xu\u1ea5t x\u1ee9: L\u00e0ng ngh\u1ec1 m\u00e2y tre \u0111an Ph\u00fa Vinh<\/p>\n<article class=\"text-token-text-primary w-full\" dir=\"auto\" data-testid=\"conversation-turn-12\" data-scroll-anchor=\"true\">\n<div class=\"text-base my-auto mx-auto py-5 [--thread-content-margin:--spacing(4)] @[37rem]:[--thread-content-margin:--spacing(6)] @[72rem]:[--thread-content-margin:--spacing(16)] px-(--thread-content-margin)\">\n<div class=\"[--thread-content-max-width:32rem] @[34rem]:[--thread-content-max-width:40rem] @[64rem]:[--thread-content-max-width:48rem] mx-auto flex max-w-(--thread-content-max-width) flex-1 text-base gap-4 md:gap-5 lg:gap-6 group\/turn-messages focus-visible:outline-hidden\">\n<div class=\"group\/conversation-turn relative flex w-full min-w-0 flex-col agent-turn\">\n<div class=\"relative flex-col gap-1 md:gap-3\">\n<div class=\"flex max-w-full flex-col grow\">\n<div class=\"min-h-8 text-message relative flex w-full flex-col items-end gap-2 text-start break-words whitespace-normal [.text-message+&amp;]:mt-5\" dir=\"auto\" data-message-author-role=\"assistant\" data-message-id=\"1e31bbb9-c7b0-4c3a-b9ba-96b3396d8033\" data-message-model-slug=\"gpt-4o\">\n<div class=\"flex w-full flex-col gap-1 empty:hidden first:pt-[3px]\">\n<div class=\"markdown prose dark:prose-invert w-full break-words light\">\n<p data-start=\"0\" data-end=\"408\" data-is-last-node=\"\" data-is-only-node=\"\"><strong data-start=\"0\" data-end=\"12\" data-is-only-node=\"\">Th\u1ea3m c\u00f3i<\/strong> l\u00e0 s\u1ea3n ph\u1ea9m \u0111\u01b0\u1ee3c d\u1ec7t t\u1eeb s\u1ee3i c\u00f3i t\u1ef1 nhi\u00ean, mang v\u1ebb \u0111\u1eb9p m\u1ed9c m\u1ea1c v\u00e0 g\u1ea7n g\u0169i v\u1edbi thi\u00ean nhi\u00ean. V\u1edbi \u0111\u1eb7c t\u00ednh tho\u00e1ng m\u00e1t, b\u1ec1n ch\u1eafc v\u00e0 th\u00e2n thi\u1ec7n v\u1edbi m\u00f4i tr\u01b0\u1eddng, th\u1ea3m c\u00f3i th\u01b0\u1eddng \u0111\u01b0\u1ee3c d\u00f9ng \u0111\u1ec3 tr\u1ea3i s\u00e0n trong ph\u00f2ng kh\u00e1ch, ph\u00f2ng ng\u1ee7 ho\u1eb7c c\u00e1c kh\u00f4ng gian theo phong c\u00e1ch rustic, vintage. Ngo\u00e0i c\u00f4ng d\u1ee5ng trang tr\u00ed, th\u1ea3m c\u00f3i c\u00f2n gi\u00fap c\u00e1ch nhi\u1ec7t nh\u1eb9, t\u1ea1o c\u1ea3m gi\u00e1c \u00eam \u00e1i khi s\u1eed d\u1ee5ng v\u00e0 d\u1ec5 d\u00e0ng v\u1ec7 sinh, b\u1ea3o qu\u1ea3n.<\/p>\n<\/div>\n<\/div>\n<\/div>\n<\/div>\n<div class=\"flex min-h-[46px] justify-start\">\n<div class=\"touch:-me-2 touch:-ms-3.5 -ms-2.5 -me-1 flex items-center p-1 select-none -mt-1 w-full duration-[1.5s] focus-within:transition-none hover:transition-none pointer-events-none [mask-image:linear-gradient(to_right,black_33%,transparent_66%)] [mask-size:300%_100%] [mask-position:100%_0%] motion-safe:transition-[mask-position] group-hover\/turn-messages:pointer-events-auto group-hover\/turn-messages:[mask-position:0_0] group-focus-within\/turn-messages:pointer-events-auto group-focus-within\/turn-messages:[mask-position:0_0] has-data-[state=open]:pointer-events-auto has-data-[state=open]:[mask-position:0_0]\"><\/div>\n<\/div>\n<\/div>\n<div class=\"absolute\">\n<div class=\"flex items-center justify-center\"><\/div>\n<\/div>\n<\/div>\n<\/div>\n<\/div>\n<\/article>\n<div class=\"pointer-events-none h-px w-px\" aria-hidden=\"true\" data-edge=\"true\"><\/div>\n","protected":false},"excerpt":{"rendered":"<p>K\u00edch th\u01b0\u1edbc: S: 60x150cm M: 90x150cm M\u00e0u s\u1eafc: T\u1ef1 nhi\u00ean Xu\u1ea5t x\u1ee9: L\u00e0ng ngh\u1ec1 m\u00e2y tre \u0111an Ph\u00fa Vinh Th\u1ea3m c\u00f3i l\u00e0 s\u1ea3n ph\u1ea9m \u0111\u01b0\u1ee3c d\u1ec7t t\u1eeb s\u1ee3i c\u00f3i t\u1ef1 nhi\u00ean, mang v\u1ebb \u0111\u1eb9p m\u1ed9c m\u1ea1c v\u00e0 g\u1ea7n g\u0169i v\u1edbi thi\u00ean nhi\u00ean. V\u1edbi \u0111\u1eb7c t\u00ednh tho\u00e1ng m\u00e1t, b\u1ec1n ch\u1eafc v\u00e0 th\u00e2n thi\u1ec7n v\u1edbi m\u00f4i tr\u01b0\u1eddng, [&hellip;]<\/p>\n","protected":false},"featured_media":6434,"comment_status":"open","ping_status":"closed","template":"","meta":{"content-type":""},"product_brand":[74],"product_cat":[36],"product_tag":[69,70],"class_list":{"0":"post-6451","1":"product","2":"type-product","3":"status-publish","4":"has-post-thumbnail","6":"product_brand-coi-kim-son","7":"product_cat-textiles","8":"product_tag-do-coi","9":"product_tag-luc-binh","11":"first","12":"instock","13":"shipping-taxable","14":"purchasable","15":"product-type-simple"},"jetpack_sharing_enabled":true,"_links":{"self":[{"href":"https:\/\/ancuhome.net\/index.php\/wp-json\/wp\/v2\/product\/6451","targetHints":{"allow":["GET"]}}],"collection":[{"href":"https:\/\/ancuhome.net\/index.php\/wp-json\/wp\/v2\/product"}],"about":[{"href":"https:\/\/ancuhome.net\/index.php\/wp-json\/wp\/v2\/types\/product"}],"replies":[{"embeddable":true,"href":"https:\/\/ancuhome.net\/index.php\/wp-json\/wp\/v2\/comments?post=6451"}],"wp:featuredmedia":[{"embeddable":true,"href":"https:\/\/ancuhome.net\/index.php\/wp-json\/wp\/v2\/media\/6434"}],"wp:attachment":[{"href":"https:\/\/ancuhome.net\/index.php\/wp-json\/wp\/v2\/media?parent=6451"}],"wp:term":[{"taxonomy":"product_brand","embeddable":true,"href":"https:\/\/ancuhome.net\/index.php\/wp-json\/wp\/v2\/product_brand?post=6451"},{"taxonomy":"product_cat","embeddable":true,"href":"https:\/\/ancuhome.net\/index.php\/wp-json\/wp\/v2\/product_cat?post=6451"},{"taxonomy":"product_tag","embeddable":true,"href":"https:\/\/ancuhome.net\/index.php\/wp-json\/wp\/v2\/product_tag?post=6451"}],"curies":[{"name":"wp","href":"https:\/\/api.w.org\/{rel}","templated":true}]}}