{"id":6275,"date":"2025-06-10T15:54:19","date_gmt":"2025-06-10T08:54:19","guid":{"rendered":"https:\/\/ancuhome.net\/?post_type=product&#038;p=6275"},"modified":"2025-06-22T16:52:04","modified_gmt":"2025-06-22T09:52:04","slug":"chuong-khac-hoa","status":"publish","type":"product","link":"https:\/\/ancuhome.net\/index.php\/product\/chuong-khac-hoa\/","title":{"rendered":"Chu\u00f4ng Kh\u1eafc Hoa"},"content":{"rendered":"<p><strong>B\u00ecnh Chu\u00f4ng Kh\u1eafc Hoa<\/strong><\/p>\n<p>K\u00edch th\u01b0\u1edbc: M10 x H33 (cm)<\/p>\n<p>Ch\u1ea5t li\u1ec7u: \u0110\u1ea5t s\u00e9t xanh<\/p>\n<p>Xu\u1ea5t x\u1ee9: G\u1ed1m H\u01b0\u01a1ng Canh, V\u0129nh Ph\u00fac<\/p>\n<p>G\u1ed1m H\u01b0\u01a1ng Canh \u0111\u01b0\u1ee3c l\u00e0m t\u1eeb \u0111\u1ea5t s\u00e9t xanh khai th\u00e1c t\u1ea1i \u0111\u1ecba ph\u01b0\u01a1ng, c\u00f3 \u0111\u1ed9 m\u1ecbn v\u00e0 \u0111\u1ed9 d\u1ebbo cao, gi\u00fap s\u1ea3n ph\u1ea9m c\u00f3 \u0111\u1ed9 b\u1ec1n v\u00e0 m\u00e0u s\u1eafc \u0111\u1eb7c tr\u01b0ng.<\/p>\n<p>B\u1ec1 m\u1eb7t s\u1ea3n ph\u1ea9m kh\u00f4ng tr\u00e1ng men nh\u01b0ng v\u1eabn b\u00f3ng m\u1ecbn do k\u1ef9 thu\u1eadt nung gi\u00e0, t\u1ea1o m\u00e0u t\u1ef1 nhi\u00ean r\u1ea5t \u0111\u1eb9p. C\u00e1c v\u1ec7t m\u00e0u trang tr\u00ed tr\u00ean b\u1ec1 m\u1eb7t \u0111\u1ec1u \u0111\u01b0\u1ee3c l\u1ea5y t\u1eeb m\u00e0u s\u1eafc c\u1ee7a \u0111\u1ea5t, c\u00e1t, b\u00f9n,&#8230;<\/p>\n<p>Khi g\u00f5 v\u00e0o th\u00e2n b\u00ecnh, ph\u00e1t ra ti\u1ebfng vang trong, d\u1ea5u hi\u1ec7u c\u1ee7a g\u1ed1m s\u00e0nh &#8220;gi\u00e0 l\u1eeda&#8221; ch\u1ea5t l\u01b0\u1ee3ng cao.<\/p>\n","protected":false},"excerpt":{"rendered":"<p>B\u00ecnh Chu\u00f4ng Kh\u1eafc Hoa K\u00edch th\u01b0\u1edbc: M10 x H33 (cm) Ch\u1ea5t li\u1ec7u: \u0110\u1ea5t s\u00e9t xanh Xu\u1ea5t x\u1ee9: G\u1ed1m H\u01b0\u01a1ng Canh, V\u0129nh Ph\u00fac G\u1ed1m H\u01b0\u01a1ng Canh \u0111\u01b0\u1ee3c l\u00e0m t\u1eeb \u0111\u1ea5t s\u00e9t xanh khai th\u00e1c t\u1ea1i \u0111\u1ecba ph\u01b0\u01a1ng, c\u00f3 \u0111\u1ed9 m\u1ecbn v\u00e0 \u0111\u1ed9 d\u1ebbo cao, gi\u00fap s\u1ea3n ph\u1ea9m c\u00f3 \u0111\u1ed9 b\u1ec1n v\u00e0 m\u00e0u s\u1eafc \u0111\u1eb7c tr\u01b0ng. B\u1ec1 [&hellip;]<\/p>\n","protected":false},"featured_media":6279,"comment_status":"open","ping_status":"closed","template":"","meta":{"content-type":""},"product_brand":[19],"product_cat":[30],"product_tag":[],"class_list":{"0":"post-6275","1":"product","2":"type-product","3":"status-publish","4":"has-post-thumbnail","6":"product_brand-huong-canh","7":"product_cat-ceramic","9":"first","10":"instock","11":"shipping-taxable","12":"purchasable","13":"product-type-simple"},"jetpack_sharing_enabled":true,"_links":{"self":[{"href":"https:\/\/ancuhome.net\/index.php\/wp-json\/wp\/v2\/product\/6275","targetHints":{"allow":["GET"]}}],"collection":[{"href":"https:\/\/ancuhome.net\/index.php\/wp-json\/wp\/v2\/product"}],"about":[{"href":"https:\/\/ancuhome.net\/index.php\/wp-json\/wp\/v2\/types\/product"}],"replies":[{"embeddable":true,"href":"https:\/\/ancuhome.net\/index.php\/wp-json\/wp\/v2\/comments?post=6275"}],"wp:featuredmedia":[{"embeddable":true,"href":"https:\/\/ancuhome.net\/index.php\/wp-json\/wp\/v2\/media\/6279"}],"wp:attachment":[{"href":"https:\/\/ancuhome.net\/index.php\/wp-json\/wp\/v2\/media?parent=6275"}],"wp:term":[{"taxonomy":"product_brand","embeddable":true,"href":"https:\/\/ancuhome.net\/index.php\/wp-json\/wp\/v2\/product_brand?post=6275"},{"taxonomy":"product_cat","embeddable":true,"href":"https:\/\/ancuhome.net\/index.php\/wp-json\/wp\/v2\/product_cat?post=6275"},{"taxonomy":"product_tag","embeddable":true,"href":"https:\/\/ancuhome.net\/index.php\/wp-json\/wp\/v2\/product_tag?post=6275"}],"curies":[{"name":"wp","href":"https:\/\/api.w.org\/{rel}","templated":true}]}}