{"id":6245,"date":"2025-06-09T11:04:47","date_gmt":"2025-06-09T04:04:47","guid":{"rendered":"https:\/\/ancuhome.net\/?post_type=product&#038;p=6245"},"modified":"2025-06-26T14:26:47","modified_gmt":"2025-06-26T07:26:47","slug":"chu-tieu-binh-an","status":"publish","type":"product","link":"https:\/\/ancuhome.net\/index.php\/product\/chu-tieu-binh-an\/","title":{"rendered":"Ch\u00fa Ti\u1ec3u An Y\u00ean"},"content":{"rendered":"<p><strong>Ch\u00fa Ti\u1ec3u An Y\u00ean<\/strong><\/p>\n<p>K\u00edch th\u01b0\u1edbc: 10x16cm (cm)<\/p>\n<p>Xu\u1ea5t x\u1ee9: g\u1ed1m Ninh Thu\u1eadn<\/p>\n<p>&nbsp;<\/p>\n<p>Trong nh\u1ecbp s\u1ed1ng h\u1ed1i h\u1ea3, Ch\u00fa Ti\u1ec3u An Y\u00ean kh\u00f4ng ch\u1ec9 l\u00e0 m\u00f3n \u0111\u1ed3 trang tr\u00ed, m\u00e0 c\u00f2n l\u00e0 bi\u1ec3u t\u01b0\u1ee3ng c\u1ee7a s\u1ef1 t\u0129nh t\u00e2m, thanh th\u1ea3n v\u00e0 l\u00f2ng t\u1eeb bi.<\/p>\n<p>S\u1ea3n ph\u1ea9m mang \u0111\u1eadm d\u1ea5u \u1ea5n c\u1ee7a \u0111\u1ea5t tr\u1eddi mi\u1ec1n Trung:<\/p>\n<ul>\n<li>Ch\u1ea5t g\u1ed1m m\u1ed9c m\u1ea1c, th\u00f4 t\u1ef1 nhi\u00ean.<\/li>\n<li>M\u00e0u \u0111\u1ea5t nung \u0111\u1eb7c tr\u01b0ng, g\u1ea7n g\u0169i v\u00e0 ch\u00e2n th\u1eadt.<\/li>\n<li>T\u01b0 th\u1ebf ch\u1eafp tay an y\u00ean, khu\u00f4n m\u1eb7t b\u00ecnh th\u1ea3n, nh\u1eb9 nh\u00e0ng &#8211; t\u1ea1o c\u1ea3m gi\u00e1c b\u00ecnh an m\u1ed7i khi nh\u00ecn ng\u1eafm.<\/li>\n<\/ul>\n<p>S\u1ea3n ph\u1ea9m ph\u00f9 h\u1ee3p \u0111\u1ec3:<\/p>\n<ul>\n<li>Trang tr\u00ed b\u00e0n l\u00e0m vi\u1ec7c, b\u00e0n tr\u00e0, k\u1ec7 s\u00e1ch, g\u00f3c thi\u1ec1n.<\/li>\n<li>L\u00e0m qu\u00e0 t\u1eb7ng \u00fd ngh\u0129a cho ng\u01b0\u1eddi th\u00e2n, b\u1ea1n b\u00e8<\/li>\n<li>T\u1ea1o \u0111i\u1ec3m nh\u1ea5n thi\u1ec1n \u0111\u1ecbnh trong kh\u00f4ng gian s\u1ed1ng, qu\u00e1n c\u00e0 ph\u00ea, spa, thi\u1ec1n vi\u1ec7n,&#8230;<\/li>\n<\/ul>\n","protected":false},"excerpt":{"rendered":"<p>Ch\u00fa Ti\u1ec3u An Y\u00ean K\u00edch th\u01b0\u1edbc: 10x16cm (cm) Xu\u1ea5t x\u1ee9: g\u1ed1m Ninh Thu\u1eadn &nbsp; Trong nh\u1ecbp s\u1ed1ng h\u1ed1i h\u1ea3, Ch\u00fa Ti\u1ec3u An Y\u00ean kh\u00f4ng ch\u1ec9 l\u00e0 m\u00f3n \u0111\u1ed3 trang tr\u00ed, m\u00e0 c\u00f2n l\u00e0 bi\u1ec3u t\u01b0\u1ee3ng c\u1ee7a s\u1ef1 t\u0129nh t\u00e2m, thanh th\u1ea3n v\u00e0 l\u00f2ng t\u1eeb bi. S\u1ea3n ph\u1ea9m mang \u0111\u1eadm d\u1ea5u \u1ea5n c\u1ee7a \u0111\u1ea5t tr\u1eddi mi\u1ec1n [&hellip;]<\/p>\n","protected":false},"featured_media":6227,"comment_status":"open","ping_status":"closed","template":"","meta":{"content-type":""},"product_brand":[24],"product_cat":[30],"product_tag":[63,50],"class_list":{"0":"post-6245","1":"product","2":"type-product","3":"status-publish","4":"has-post-thumbnail","6":"product_brand-ninh-thuan","7":"product_cat-ceramic","8":"product_tag-dat-nung1","9":"product_tag-buddha","11":"first","12":"instock","13":"shipping-taxable","14":"purchasable","15":"product-type-simple"},"jetpack_sharing_enabled":true,"_links":{"self":[{"href":"https:\/\/ancuhome.net\/index.php\/wp-json\/wp\/v2\/product\/6245","targetHints":{"allow":["GET"]}}],"collection":[{"href":"https:\/\/ancuhome.net\/index.php\/wp-json\/wp\/v2\/product"}],"about":[{"href":"https:\/\/ancuhome.net\/index.php\/wp-json\/wp\/v2\/types\/product"}],"replies":[{"embeddable":true,"href":"https:\/\/ancuhome.net\/index.php\/wp-json\/wp\/v2\/comments?post=6245"}],"wp:featuredmedia":[{"embeddable":true,"href":"https:\/\/ancuhome.net\/index.php\/wp-json\/wp\/v2\/media\/6227"}],"wp:attachment":[{"href":"https:\/\/ancuhome.net\/index.php\/wp-json\/wp\/v2\/media?parent=6245"}],"wp:term":[{"taxonomy":"product_brand","embeddable":true,"href":"https:\/\/ancuhome.net\/index.php\/wp-json\/wp\/v2\/product_brand?post=6245"},{"taxonomy":"product_cat","embeddable":true,"href":"https:\/\/ancuhome.net\/index.php\/wp-json\/wp\/v2\/product_cat?post=6245"},{"taxonomy":"product_tag","embeddable":true,"href":"https:\/\/ancuhome.net\/index.php\/wp-json\/wp\/v2\/product_tag?post=6245"}],"curies":[{"name":"wp","href":"https:\/\/api.w.org\/{rel}","templated":true}]}}