{"id":5946,"date":"2025-06-07T14:07:40","date_gmt":"2025-06-07T07:07:40","guid":{"rendered":"https:\/\/ancuhome.net\/?post_type=product&#038;p=5946"},"modified":"2025-06-16T14:05:21","modified_gmt":"2025-06-16T07:05:21","slug":"don-may-ke-chau-cay","status":"publish","type":"product","link":"https:\/\/ancuhome.net\/index.php\/product\/don-may-ke-chau-cay\/","title":{"rendered":"\u0110\u00f4n M\u00e2y K\u00ea Ch\u1eadu C\u00e2y"},"content":{"rendered":"<p>K\u00edch th\u01b0\u1edbc: M28xH50(cm)<\/p>\n<p>M\u00e0u s\u1eafc: T\u1ef1 nhi\u00ean<\/p>\n<p>Xu\u1ea5t x\u1ee9: L\u00e0ng ngh\u1ec1 m\u00e2y tre \u0111an Ph\u00fa Vinh<\/p>\n<p><strong>\u0110\u00f4n m\u00e2y k\u00ea ch\u1eadu c\u00e2y<\/strong> l\u00e0 s\u1ea3n ph\u1ea9m th\u1ee7 c\u00f4ng \u0111\u01b0\u1ee3c \u0111an t\u1eeb s\u1ee3i m\u00e2y t\u1ef1 nhi\u00ean, d\u00f9ng \u0111\u1ec3 n\u00e2ng v\u00e0 tr\u01b0ng b\u00e0y ch\u1eadu c\u00e2y trong nh\u00e0 ho\u1eb7c ngo\u00e0i tr\u1eddi. V\u1edbi thi\u1ebft k\u1ebf ch\u1eafc ch\u1eafn, nh\u1eb9 v\u00e0 b\u1ec1n, \u0111\u00f4n m\u00e2y gi\u00fap t\u1ea1o \u0111i\u1ec3m nh\u1ea5n th\u1ea9m m\u1ef9, \u0111\u1ed3ng th\u1eddi gi\u1eef cho ch\u1eadu c\u00e2y c\u00e1ch m\u1eb7t s\u00e0n, tr\u00e1nh \u1ea9m m\u1ed1c v\u00e0 d\u1ec5 v\u1ec7 sinh. S\u1ea3n ph\u1ea9m ph\u00f9 h\u1ee3p v\u1edbi nhi\u1ec1u phong c\u00e1ch trang tr\u00ed nh\u01b0 boho, rustic hay vintage, mang \u0111\u1ebfn c\u1ea3m gi\u00e1c g\u1ea7n g\u0169i, \u1ea5m c\u00fang v\u00e0 h\u00e0i h\u00f2a v\u1edbi thi\u00ean nhi\u00ean.<\/p>\n","protected":false},"excerpt":{"rendered":"<p>K\u00edch th\u01b0\u1edbc: M28xH50(cm) M\u00e0u s\u1eafc: T\u1ef1 nhi\u00ean Xu\u1ea5t x\u1ee9: L\u00e0ng ngh\u1ec1 m\u00e2y tre \u0111an Ph\u00fa Vinh \u0110\u00f4n m\u00e2y k\u00ea ch\u1eadu c\u00e2y l\u00e0 s\u1ea3n ph\u1ea9m th\u1ee7 c\u00f4ng \u0111\u01b0\u1ee3c \u0111an t\u1eeb s\u1ee3i m\u00e2y t\u1ef1 nhi\u00ean, d\u00f9ng \u0111\u1ec3 n\u00e2ng v\u00e0 tr\u01b0ng b\u00e0y ch\u1eadu c\u00e2y trong nh\u00e0 ho\u1eb7c ngo\u00e0i tr\u1eddi. V\u1edbi thi\u1ebft k\u1ebf ch\u1eafc ch\u1eafn, nh\u1eb9 v\u00e0 b\u1ec1n, \u0111\u00f4n [&hellip;]<\/p>\n","protected":false},"featured_media":5949,"comment_status":"open","ping_status":"closed","template":"","meta":{"content-type":""},"product_brand":[26],"product_cat":[36],"product_tag":[66],"class_list":{"0":"post-5946","1":"product","2":"type-product","3":"status-publish","4":"has-post-thumbnail","6":"product_brand-phuc-vinh","7":"product_cat-textiles","8":"product_tag-do-may","10":"first","11":"instock","12":"shipping-taxable","13":"purchasable","14":"product-type-simple"},"jetpack_sharing_enabled":true,"_links":{"self":[{"href":"https:\/\/ancuhome.net\/index.php\/wp-json\/wp\/v2\/product\/5946","targetHints":{"allow":["GET"]}}],"collection":[{"href":"https:\/\/ancuhome.net\/index.php\/wp-json\/wp\/v2\/product"}],"about":[{"href":"https:\/\/ancuhome.net\/index.php\/wp-json\/wp\/v2\/types\/product"}],"replies":[{"embeddable":true,"href":"https:\/\/ancuhome.net\/index.php\/wp-json\/wp\/v2\/comments?post=5946"}],"wp:featuredmedia":[{"embeddable":true,"href":"https:\/\/ancuhome.net\/index.php\/wp-json\/wp\/v2\/media\/5949"}],"wp:attachment":[{"href":"https:\/\/ancuhome.net\/index.php\/wp-json\/wp\/v2\/media?parent=5946"}],"wp:term":[{"taxonomy":"product_brand","embeddable":true,"href":"https:\/\/ancuhome.net\/index.php\/wp-json\/wp\/v2\/product_brand?post=5946"},{"taxonomy":"product_cat","embeddable":true,"href":"https:\/\/ancuhome.net\/index.php\/wp-json\/wp\/v2\/product_cat?post=5946"},{"taxonomy":"product_tag","embeddable":true,"href":"https:\/\/ancuhome.net\/index.php\/wp-json\/wp\/v2\/product_tag?post=5946"}],"curies":[{"name":"wp","href":"https:\/\/api.w.org\/{rel}","templated":true}]}}