{"id":5943,"date":"2025-06-07T14:04:42","date_gmt":"2025-06-07T07:04:42","guid":{"rendered":"https:\/\/ancuhome.net\/?post_type=product&#038;p=5943"},"modified":"2025-06-16T14:06:33","modified_gmt":"2025-06-16T07:06:33","slug":"gio-coi","status":"publish","type":"product","link":"https:\/\/ancuhome.net\/index.php\/product\/gio-coi\/","title":{"rendered":"Gi\u1ecf C\u00f3i"},"content":{"rendered":"<p>K\u00edch th\u01b0\u1edbc: M20xH24(cm)<\/p>\n<p>M\u00e0u s\u1eafc: T\u1ef1 nhi\u00ean<\/p>\n<p>Xu\u1ea5t x\u1ee9: L\u00e0ng ngh\u1ec1 c\u00f3i Kim S\u01a1n, Ninh B\u00ecnh<\/p>\n<p><strong data-start=\"0\" data-end=\"11\" data-is-only-node=\"\">Gi\u1ecf c\u00f3i<\/strong> l\u00e0 s\u1ea3n ph\u1ea9m th\u1ee7 c\u00f4ng \u0111\u01b0\u1ee3c \u0111an t\u1eeb s\u1ee3i c\u00f3i t\u1ef1 nhi\u00ean, n\u1ed5i b\u1eadt v\u1edbi v\u1ebb \u0111\u1eb9p m\u1ed9c m\u1ea1c v\u00e0 th\u00e2n thi\u1ec7n v\u1edbi m\u00f4i tr\u01b0\u1eddng. Nh\u1eb9, b\u1ec1n v\u00e0 d\u1ec5 s\u1eed d\u1ee5ng, gi\u1ecf c\u00f3i th\u01b0\u1eddng \u0111\u01b0\u1ee3c d\u00f9ng \u0111\u1ec3 \u0111\u1ef1ng \u0111\u1ed3 sinh ho\u1ea1t, \u0111\u1ed3 picnic, \u0111i ch\u1ee3 ho\u1eb7c l\u00e0m v\u1eadt trang tr\u00ed trong kh\u00f4ng gian s\u1ed1ng. V\u1edbi thi\u1ebft k\u1ebf \u0111\u01a1n gi\u1ea3n m\u00e0 tinh t\u1ebf, gi\u1ecf c\u00f3i kh\u00f4ng ch\u1ec9 ti\u1ec7n d\u1ee5ng m\u00e0 c\u00f2n mang l\u1ea1i n\u00e9t duy\u00ean d\u00e1ng, g\u1ea7n g\u0169i cho phong c\u00e1ch s\u1ed1ng hi\u1ec7n \u0111\u1ea1i, \u0111\u1eb7c bi\u1ec7t trong c\u00e1c kh\u00f4ng gian mang h\u01a1i h\u01b0\u1edbng t\u1ef1 nhi\u00ean, t\u1ed1i gi\u1ea3n.<\/p>\n","protected":false},"excerpt":{"rendered":"<p>K\u00edch th\u01b0\u1edbc: M20xH24(cm) M\u00e0u s\u1eafc: T\u1ef1 nhi\u00ean Xu\u1ea5t x\u1ee9: L\u00e0ng ngh\u1ec1 c\u00f3i Kim S\u01a1n, Ninh B\u00ecnh Gi\u1ecf c\u00f3i l\u00e0 s\u1ea3n ph\u1ea9m th\u1ee7 c\u00f4ng \u0111\u01b0\u1ee3c \u0111an t\u1eeb s\u1ee3i c\u00f3i t\u1ef1 nhi\u00ean, n\u1ed5i b\u1eadt v\u1edbi v\u1ebb \u0111\u1eb9p m\u1ed9c m\u1ea1c v\u00e0 th\u00e2n thi\u1ec7n v\u1edbi m\u00f4i tr\u01b0\u1eddng. Nh\u1eb9, b\u1ec1n v\u00e0 d\u1ec5 s\u1eed d\u1ee5ng, gi\u1ecf c\u00f3i th\u01b0\u1eddng \u0111\u01b0\u1ee3c d\u00f9ng \u0111\u1ec3 [&hellip;]<\/p>\n","protected":false},"featured_media":5942,"comment_status":"open","ping_status":"closed","template":"","meta":{"content-type":""},"product_brand":[74],"product_cat":[36],"product_tag":[69,70],"class_list":{"0":"post-5943","1":"product","2":"type-product","3":"status-publish","4":"has-post-thumbnail","6":"product_brand-coi-kim-son","7":"product_cat-textiles","8":"product_tag-do-coi","9":"product_tag-luc-binh","11":"first","12":"instock","13":"shipping-taxable","14":"purchasable","15":"product-type-simple"},"jetpack_sharing_enabled":true,"_links":{"self":[{"href":"https:\/\/ancuhome.net\/index.php\/wp-json\/wp\/v2\/product\/5943","targetHints":{"allow":["GET"]}}],"collection":[{"href":"https:\/\/ancuhome.net\/index.php\/wp-json\/wp\/v2\/product"}],"about":[{"href":"https:\/\/ancuhome.net\/index.php\/wp-json\/wp\/v2\/types\/product"}],"replies":[{"embeddable":true,"href":"https:\/\/ancuhome.net\/index.php\/wp-json\/wp\/v2\/comments?post=5943"}],"wp:featuredmedia":[{"embeddable":true,"href":"https:\/\/ancuhome.net\/index.php\/wp-json\/wp\/v2\/media\/5942"}],"wp:attachment":[{"href":"https:\/\/ancuhome.net\/index.php\/wp-json\/wp\/v2\/media?parent=5943"}],"wp:term":[{"taxonomy":"product_brand","embeddable":true,"href":"https:\/\/ancuhome.net\/index.php\/wp-json\/wp\/v2\/product_brand?post=5943"},{"taxonomy":"product_cat","embeddable":true,"href":"https:\/\/ancuhome.net\/index.php\/wp-json\/wp\/v2\/product_cat?post=5943"},{"taxonomy":"product_tag","embeddable":true,"href":"https:\/\/ancuhome.net\/index.php\/wp-json\/wp\/v2\/product_tag?post=5943"}],"curies":[{"name":"wp","href":"https:\/\/api.w.org\/{rel}","templated":true}]}}