{"id":5858,"date":"2025-06-07T13:24:49","date_gmt":"2025-06-07T06:24:49","guid":{"rendered":"https:\/\/ancuhome.net\/?post_type=product&#038;p=5858"},"modified":"2025-06-16T14:21:29","modified_gmt":"2025-06-16T07:21:29","slug":"don-beo","status":"publish","type":"product","link":"https:\/\/ancuhome.net\/index.php\/product\/don-beo\/","title":{"rendered":"\u0110\u00f4n L\u1ee5c B\u00ecnh"},"content":{"rendered":"<p><strong>\u0110\u00f4n L\u1ee5c B\u00ecnh<\/strong><\/p>\n<p>K\u00edch th\u01b0\u1edbc: D40xH30cm<\/p>\n<p>Ch\u1ea5t li\u1ec7u: S\u1ee3i l\u1ee5c b\u00ecnh<\/p>\n<p>M\u00e0u s\u1eafc: T\u1ef1 nhi\u00ean<\/p>\n<p>Xu\u1ea5t x\u1ee9: L\u00e0ng ngh\u1ec1 c\u00f3i Kim S\u01a1n, Ninh B\u00ecnh<\/p>\n<p>V\u1edbi ki\u1ec3u d\u00e1ng \u0111\u01a1n gi\u1ea3n, b\u1ec1n ch\u1eafc v\u00e0 th\u00e2n thi\u1ec7n v\u1edbi m\u00f4i tr\u01b0\u1eddng, \u0110\u00f4n L\u1ee5c B\u00ecnh l\u00e0 l\u1ef1a ch\u1ecdn l\u00fd t\u01b0\u1edfng cho nh\u1eefng ai y\u00eau th\u00edch phong c\u00e1ch n\u1ed9i th\u1ea5t m\u1ed9c m\u1ea1c, g\u1ea7n g\u0169i thi\u00ean nhi\u00ean.<\/p>\n<p>D\u00f9ng l\u00e0m \u0111\u00f4n tr\u00e0 ho\u1eb7c \u0111\u00f4n ng\u1ed3i th\u1ea5p. \u1ee8ng d\u1ee5ng trong trang tr\u00ed n\u1ed9i th\u1ea5t phong c\u00e1ch Boho, Janpandi, Rustic, Zen,&#8230;<\/p>\n<p>&nbsp;<\/p>\n","protected":false},"excerpt":{"rendered":"<p>\u0110\u00f4n L\u1ee5c B\u00ecnh K\u00edch th\u01b0\u1edbc: D40xH30cm Ch\u1ea5t li\u1ec7u: S\u1ee3i l\u1ee5c b\u00ecnh M\u00e0u s\u1eafc: T\u1ef1 nhi\u00ean Xu\u1ea5t x\u1ee9: L\u00e0ng ngh\u1ec1 c\u00f3i Kim S\u01a1n, Ninh B\u00ecnh V\u1edbi ki\u1ec3u d\u00e1ng \u0111\u01a1n gi\u1ea3n, b\u1ec1n ch\u1eafc v\u00e0 th\u00e2n thi\u1ec7n v\u1edbi m\u00f4i tr\u01b0\u1eddng, \u0110\u00f4n L\u1ee5c B\u00ecnh l\u00e0 l\u1ef1a ch\u1ecdn l\u00fd t\u01b0\u1edfng cho nh\u1eefng ai y\u00eau th\u00edch phong c\u00e1ch n\u1ed9i th\u1ea5t m\u1ed9c [&hellip;]<\/p>\n","protected":false},"featured_media":5861,"comment_status":"open","ping_status":"closed","template":"","meta":{"content-type":""},"product_brand":[74],"product_cat":[36],"product_tag":[69,70],"class_list":{"0":"post-5858","1":"product","2":"type-product","3":"status-publish","4":"has-post-thumbnail","6":"product_brand-coi-kim-son","7":"product_cat-textiles","8":"product_tag-do-coi","9":"product_tag-luc-binh","11":"first","12":"instock","13":"shipping-taxable","14":"purchasable","15":"product-type-simple"},"jetpack_sharing_enabled":true,"_links":{"self":[{"href":"https:\/\/ancuhome.net\/index.php\/wp-json\/wp\/v2\/product\/5858","targetHints":{"allow":["GET"]}}],"collection":[{"href":"https:\/\/ancuhome.net\/index.php\/wp-json\/wp\/v2\/product"}],"about":[{"href":"https:\/\/ancuhome.net\/index.php\/wp-json\/wp\/v2\/types\/product"}],"replies":[{"embeddable":true,"href":"https:\/\/ancuhome.net\/index.php\/wp-json\/wp\/v2\/comments?post=5858"}],"wp:featuredmedia":[{"embeddable":true,"href":"https:\/\/ancuhome.net\/index.php\/wp-json\/wp\/v2\/media\/5861"}],"wp:attachment":[{"href":"https:\/\/ancuhome.net\/index.php\/wp-json\/wp\/v2\/media?parent=5858"}],"wp:term":[{"taxonomy":"product_brand","embeddable":true,"href":"https:\/\/ancuhome.net\/index.php\/wp-json\/wp\/v2\/product_brand?post=5858"},{"taxonomy":"product_cat","embeddable":true,"href":"https:\/\/ancuhome.net\/index.php\/wp-json\/wp\/v2\/product_cat?post=5858"},{"taxonomy":"product_tag","embeddable":true,"href":"https:\/\/ancuhome.net\/index.php\/wp-json\/wp\/v2\/product_tag?post=5858"}],"curies":[{"name":"wp","href":"https:\/\/api.w.org\/{rel}","templated":true}]}}