{"id":5795,"date":"2025-06-07T11:05:34","date_gmt":"2025-06-07T04:05:34","guid":{"rendered":"https:\/\/ancuhome.net\/?post_type=product&#038;p=5795"},"modified":"2025-06-16T14:26:52","modified_gmt":"2025-06-16T07:26:52","slug":"binh-sua-rustic","status":"publish","type":"product","link":"https:\/\/ancuhome.net\/index.php\/product\/binh-sua-rustic\/","title":{"rendered":"B\u00ecnh S\u1eefa Rustic"},"content":{"rendered":"<p><strong>B\u00ecnh S\u1eefa Rustic<\/strong><\/p>\n<p>K\u00edch th\u01b0\u1edbc: M13xH21(cm)<\/p>\n<p>Ch\u1ea5t li\u1ec7u: \u0110\u1ea5t s\u00e9t nung<\/p>\n<p>M\u00e0u s\u1eafc: M\u00e0u v\u1ecf tr\u1ea5u<\/p>\n<p>Xu\u1ea5t X\u1ee9: L\u00e0ng ngh\u1ec1 g\u1ed1m B\u00e0u Tr\u00fac, Ninh Thu\u1eadn.<\/p>\n<p>&nbsp;<\/p>\n<p>G\u1ed1m Ch\u0103m Ninh Thu\u1eadn, c\u00f2n g\u1ecdi l\u00e0 g\u1ed1m B\u00e0u Tr\u00fac, l\u00e0 m\u1ed9t ngh\u1ec1 truy\u1ec1n th\u1ed1ng \u0111\u1eb7c s\u1eafc c\u1ee7a ng\u01b0\u1eddi Ch\u0103m t\u1ea1i l\u00e0ng B\u00e0u Tr\u00fac, huy\u1ec7n Ninh Ph\u01b0\u1edbc, t\u1ec9nh Ninh Thu\u1eadn. \u0110\u00e2y l\u00e0 m\u1ed9t trong nh\u1eefng l\u00e0ng g\u1ed1m c\u1ed5 x\u01b0a nh\u1ea5t \u0110\u00f4ng Nam \u00c1, n\u1ed5i b\u1eadt v\u1edbi ph\u01b0\u01a1ng ph\u00e1p l\u00e0m g\u1ed1m th\u1ee7 c\u00f4ng ho\u00e0n to\u00e0n b\u1eb1ng tay, kh\u00f4ng s\u1eed d\u1ee5ng b\u00e0n xoay.<\/p>\n<p>Nguy\u00ean li\u1ec7u l\u00e0 \u0111\u1ea5t s\u00e9t l\u1ea5y t\u1eeb s\u00f4ng Quao, \u0111\u01b0\u1ee3c nh\u00e0o n\u1eb7n b\u1eb1ng tay v\u00e0 nung b\u1eb1ng c\u1ee7i ho\u1eb7c r\u01a1m ngo\u00e0i tr\u1eddi, t\u1ea1o n\u00ean m\u00e0u s\u1eafc t\u1ef1 nhi\u00ean v\u00e0 \u0111\u1ed9c \u0111\u00e1o. G\u1ed1m c\u00f3 h\u00ecnh d\u00e1ng m\u1ed9c m\u1ea1c, hoa v\u0103n ch\u1ea1m kh\u1eafc th\u1ee7 c\u00f4ng mang \u0111\u1eadm b\u1ea3n s\u1eafc v\u0103n ho\u00e1 Ch\u0103m.<\/p>\n<p>S\u1eed d\u1ee5ng l\u00e0m qu\u00e0 t\u1eb7ng th\u1ee7 c\u00f4ng m\u1ef9 ngh\u1ec7 \u0111\u1ed9c \u0111\u00e1o ho\u1eb7c trang tr\u00ed kh\u00f4ng gian mang phong c\u00e1ch m\u1ed9c m\u1ea1c, thi\u1ec1n, wabi-sabi,&#8230;<\/p>\n","protected":false},"excerpt":{"rendered":"<p>B\u00ecnh S\u1eefa Rustic K\u00edch th\u01b0\u1edbc: M13xH21(cm) Ch\u1ea5t li\u1ec7u: \u0110\u1ea5t s\u00e9t nung M\u00e0u s\u1eafc: M\u00e0u v\u1ecf tr\u1ea5u Xu\u1ea5t X\u1ee9: L\u00e0ng ngh\u1ec1 g\u1ed1m B\u00e0u Tr\u00fac, Ninh Thu\u1eadn. &nbsp; G\u1ed1m Ch\u0103m Ninh Thu\u1eadn, c\u00f2n g\u1ecdi l\u00e0 g\u1ed1m B\u00e0u Tr\u00fac, l\u00e0 m\u1ed9t ngh\u1ec1 truy\u1ec1n th\u1ed1ng \u0111\u1eb7c s\u1eafc c\u1ee7a ng\u01b0\u1eddi Ch\u0103m t\u1ea1i l\u00e0ng B\u00e0u Tr\u00fac, huy\u1ec7n Ninh Ph\u01b0\u1edbc, t\u1ec9nh Ninh [&hellip;]<\/p>\n","protected":false},"featured_media":5800,"comment_status":"open","ping_status":"closed","template":"","meta":{"content-type":""},"product_brand":[24],"product_cat":[30],"product_tag":[63,57],"class_list":{"0":"post-5795","1":"product","2":"type-product","3":"status-publish","4":"has-post-thumbnail","6":"product_brand-ninh-thuan","7":"product_cat-ceramic","8":"product_tag-dat-nung1","9":"product_tag-ninh-thuan","11":"first","12":"instock","13":"shipping-taxable","14":"purchasable","15":"product-type-simple"},"jetpack_sharing_enabled":true,"_links":{"self":[{"href":"https:\/\/ancuhome.net\/index.php\/wp-json\/wp\/v2\/product\/5795","targetHints":{"allow":["GET"]}}],"collection":[{"href":"https:\/\/ancuhome.net\/index.php\/wp-json\/wp\/v2\/product"}],"about":[{"href":"https:\/\/ancuhome.net\/index.php\/wp-json\/wp\/v2\/types\/product"}],"replies":[{"embeddable":true,"href":"https:\/\/ancuhome.net\/index.php\/wp-json\/wp\/v2\/comments?post=5795"}],"wp:featuredmedia":[{"embeddable":true,"href":"https:\/\/ancuhome.net\/index.php\/wp-json\/wp\/v2\/media\/5800"}],"wp:attachment":[{"href":"https:\/\/ancuhome.net\/index.php\/wp-json\/wp\/v2\/media?parent=5795"}],"wp:term":[{"taxonomy":"product_brand","embeddable":true,"href":"https:\/\/ancuhome.net\/index.php\/wp-json\/wp\/v2\/product_brand?post=5795"},{"taxonomy":"product_cat","embeddable":true,"href":"https:\/\/ancuhome.net\/index.php\/wp-json\/wp\/v2\/product_cat?post=5795"},{"taxonomy":"product_tag","embeddable":true,"href":"https:\/\/ancuhome.net\/index.php\/wp-json\/wp\/v2\/product_tag?post=5795"}],"curies":[{"name":"wp","href":"https:\/\/api.w.org\/{rel}","templated":true}]}}