{"id":5514,"date":"2025-06-06T16:41:09","date_gmt":"2025-06-06T09:41:09","guid":{"rendered":"https:\/\/ancuhome.net\/?post_type=product&#038;p=5514"},"modified":"2025-07-03T19:32:14","modified_gmt":"2025-07-03T12:32:14","slug":"lo-bat-trang-xanh-xam","status":"publish","type":"product","link":"https:\/\/ancuhome.net\/index.php\/product\/lo-bat-trang-xanh-xam\/","title":{"rendered":"L\u1ecd Xanh X\u00e1m"},"content":{"rendered":"<p><strong>L\u1ecd Xanh X\u00e1m<\/strong><\/p>\n<p>K\u00edch th\u01b0\u1edbc: 18cm x 33cm<\/p>\n<p>Mang h\u01a1i th\u1edf hi\u1ec7n \u0111\u1ea1i v\u00e0o kh\u00f4ng gian s\u1ed1ng c\u1ee7a b\u1ea1n v\u1edbi b\u1ed9 s\u01b0u t\u1eadp b\u00ecnh g\u1ed1m m\u1edbi t\u1eeb B\u00e1t Tr\u00e0ng:<\/p>\n<p>&#8211; Thi\u1ebft k\u1ebf t\u1ed1i gi\u1ea3n \u2013 \u0110\u01b0\u1eddng n\u00e9t thanh tho\u00e1t, kh\u00f4ng r\u01b0\u1eddm r\u00e0, d\u1ec5 k\u1ebft h\u1ee3p v\u1edbi m\u1ecdi phong c\u00e1ch n\u1ed9i th\u1ea5t.<\/p>\n<p>&#8211; M\u00e0u pastel d\u1ecbu nh\u1eb9 \u2013 t\u1ea1o \u0111i\u1ec3m nh\u1ea5n nh\u1eb9 nh\u00e0ng m\u00e0 sang tr\u1ecdng cho ng\u00f4i nh\u00e0 c\u1ee7a b\u1ea1n.<\/p>\n<p>\ud83d\udd25 Ch\u1ea5t l\u01b0\u1ee3ng th\u1ee7 c\u00f4ng t\u1eeb l\u00e0ng ngh\u1ec1 B\u00e1t Tr\u00e0ng \u2013 M\u1ed7i s\u1ea3n ph\u1ea9m l\u00e0 m\u1ed9t t\u00e1c ph\u1ea9m ngh\u1ec7 thu\u1eadt \u0111\u01b0\u1ee3c l\u00e0m th\u1ee7 c\u00f4ng t\u1ec9 m\u1ec9.<\/p>\n<p>Ph\u00f9 h\u1ee3p l\u00e0m b\u00ecnh hoa, decor k\u1ec7 s\u00e1ch, b\u00e0n l\u00e0m vi\u1ec7c, hay m\u00f3n qu\u00e0 tinh t\u1ebf cho nh\u1eefng ng\u01b0\u1eddi y\u00eau s\u1ef1 gi\u1ea3n \u0111\u01a1n hi\u1ec7n \u0111\u1ea1i.<\/p>\n","protected":false},"excerpt":{"rendered":"<p>L\u1ecd Xanh X\u00e1m K\u00edch th\u01b0\u1edbc: 18cm x 33cm Mang h\u01a1i th\u1edf hi\u1ec7n \u0111\u1ea1i v\u00e0o kh\u00f4ng gian s\u1ed1ng c\u1ee7a b\u1ea1n v\u1edbi b\u1ed9 s\u01b0u t\u1eadp b\u00ecnh g\u1ed1m m\u1edbi t\u1eeb B\u00e1t Tr\u00e0ng: &#8211; Thi\u1ebft k\u1ebf t\u1ed1i gi\u1ea3n \u2013 \u0110\u01b0\u1eddng n\u00e9t thanh tho\u00e1t, kh\u00f4ng r\u01b0\u1eddm r\u00e0, d\u1ec5 k\u1ebft h\u1ee3p v\u1edbi m\u1ecdi phong c\u00e1ch n\u1ed9i th\u1ea5t. &#8211; M\u00e0u pastel d\u1ecbu [&hellip;]<\/p>\n","protected":false},"featured_media":5517,"comment_status":"open","ping_status":"closed","template":"","meta":{"content-type":""},"product_brand":[23],"product_cat":[30],"product_tag":[55],"class_list":{"0":"post-5514","1":"product","2":"type-product","3":"status-publish","4":"has-post-thumbnail","6":"product_brand-bat-trang","7":"product_cat-ceramic","8":"product_tag-battrang","10":"first","11":"instock","12":"shipping-taxable","13":"purchasable","14":"product-type-simple"},"jetpack_sharing_enabled":true,"_links":{"self":[{"href":"https:\/\/ancuhome.net\/index.php\/wp-json\/wp\/v2\/product\/5514","targetHints":{"allow":["GET"]}}],"collection":[{"href":"https:\/\/ancuhome.net\/index.php\/wp-json\/wp\/v2\/product"}],"about":[{"href":"https:\/\/ancuhome.net\/index.php\/wp-json\/wp\/v2\/types\/product"}],"replies":[{"embeddable":true,"href":"https:\/\/ancuhome.net\/index.php\/wp-json\/wp\/v2\/comments?post=5514"}],"wp:featuredmedia":[{"embeddable":true,"href":"https:\/\/ancuhome.net\/index.php\/wp-json\/wp\/v2\/media\/5517"}],"wp:attachment":[{"href":"https:\/\/ancuhome.net\/index.php\/wp-json\/wp\/v2\/media?parent=5514"}],"wp:term":[{"taxonomy":"product_brand","embeddable":true,"href":"https:\/\/ancuhome.net\/index.php\/wp-json\/wp\/v2\/product_brand?post=5514"},{"taxonomy":"product_cat","embeddable":true,"href":"https:\/\/ancuhome.net\/index.php\/wp-json\/wp\/v2\/product_cat?post=5514"},{"taxonomy":"product_tag","embeddable":true,"href":"https:\/\/ancuhome.net\/index.php\/wp-json\/wp\/v2\/product_tag?post=5514"}],"curies":[{"name":"wp","href":"https:\/\/api.w.org\/{rel}","templated":true}]}}