{"id":5497,"date":"2025-06-06T16:31:50","date_gmt":"2025-06-06T09:31:50","guid":{"rendered":"https:\/\/ancuhome.net\/?post_type=product&#038;p=5497"},"modified":"2025-07-03T19:43:38","modified_gmt":"2025-07-03T12:43:38","slug":"binh-sua","status":"publish","type":"product","link":"https:\/\/ancuhome.net\/index.php\/product\/binh-sua\/","title":{"rendered":"B\u00ecnh S\u1eefa"},"content":{"rendered":"<p><strong>B\u00ecnh S\u1eefa<\/strong><\/p>\n<p>K\u00edch th\u01b0\u1edbc: M5.5 x H13 (cm)<\/p>\n<p>Mang h\u01a1i th\u1edf hi\u1ec7n \u0111\u1ea1i v\u00e0o kh\u00f4ng gian s\u1ed1ng c\u1ee7a b\u1ea1n v\u1edbi:<\/p>\n<p>&#8211; Thi\u1ebft k\u1ebf t\u1ed1i gi\u1ea3n \u2013 \u0110\u01b0\u1eddng n\u00e9t thanh tho\u00e1t, kh\u00f4ng r\u01b0\u1eddm r\u00e0, d\u1ec5 k\u1ebft h\u1ee3p v\u1edbi m\u1ecdi phong c\u00e1ch n\u1ed9i th\u1ea5t.<\/p>\n<p>&#8211; M\u00e0u pastel d\u1ecbu nh\u1eb9 \u2013 t\u1ea1o \u0111i\u1ec3m nh\u1ea5n nh\u1eb9 nh\u00e0ng m\u00e0 sang tr\u1ecdng cho ng\u00f4i nh\u00e0 c\u1ee7a b\u1ea1n.<\/p>\n<p>&#8211; C\u1ed1t g\u1ed1m m\u1ecfng, nh\u1eb9 \u2013 C\u1ea3m gi\u00e1c c\u1ea7m tay tho\u1ea3i m\u00e1i, ti\u1ec7n l\u1ee3i cho c\u1ea3 vi\u1ec7c trang tr\u00ed l\u1eabn s\u1eed d\u1ee5ng h\u00e0ng ng\u00e0y.<\/p>\n<p>&nbsp;<\/p>\n","protected":false},"excerpt":{"rendered":"<p>B\u00ecnh S\u1eefa K\u00edch th\u01b0\u1edbc: M5.5 x H13 (cm) Mang h\u01a1i th\u1edf hi\u1ec7n \u0111\u1ea1i v\u00e0o kh\u00f4ng gian s\u1ed1ng c\u1ee7a b\u1ea1n v\u1edbi: &#8211; Thi\u1ebft k\u1ebf t\u1ed1i gi\u1ea3n \u2013 \u0110\u01b0\u1eddng n\u00e9t thanh tho\u00e1t, kh\u00f4ng r\u01b0\u1eddm r\u00e0, d\u1ec5 k\u1ebft h\u1ee3p v\u1edbi m\u1ecdi phong c\u00e1ch n\u1ed9i th\u1ea5t. &#8211; M\u00e0u pastel d\u1ecbu nh\u1eb9 \u2013 t\u1ea1o \u0111i\u1ec3m nh\u1ea5n nh\u1eb9 nh\u00e0ng m\u00e0 sang [&hellip;]<\/p>\n","protected":false},"featured_media":5500,"comment_status":"open","ping_status":"closed","template":"","meta":{"content-type":""},"product_brand":[23],"product_cat":[30],"product_tag":[55],"class_list":{"0":"post-5497","1":"product","2":"type-product","3":"status-publish","4":"has-post-thumbnail","6":"product_brand-bat-trang","7":"product_cat-ceramic","8":"product_tag-battrang","10":"first","11":"outofstock","12":"shipping-taxable","13":"purchasable","14":"product-type-simple"},"jetpack_sharing_enabled":true,"_links":{"self":[{"href":"https:\/\/ancuhome.net\/index.php\/wp-json\/wp\/v2\/product\/5497","targetHints":{"allow":["GET"]}}],"collection":[{"href":"https:\/\/ancuhome.net\/index.php\/wp-json\/wp\/v2\/product"}],"about":[{"href":"https:\/\/ancuhome.net\/index.php\/wp-json\/wp\/v2\/types\/product"}],"replies":[{"embeddable":true,"href":"https:\/\/ancuhome.net\/index.php\/wp-json\/wp\/v2\/comments?post=5497"}],"wp:featuredmedia":[{"embeddable":true,"href":"https:\/\/ancuhome.net\/index.php\/wp-json\/wp\/v2\/media\/5500"}],"wp:attachment":[{"href":"https:\/\/ancuhome.net\/index.php\/wp-json\/wp\/v2\/media?parent=5497"}],"wp:term":[{"taxonomy":"product_brand","embeddable":true,"href":"https:\/\/ancuhome.net\/index.php\/wp-json\/wp\/v2\/product_brand?post=5497"},{"taxonomy":"product_cat","embeddable":true,"href":"https:\/\/ancuhome.net\/index.php\/wp-json\/wp\/v2\/product_cat?post=5497"},{"taxonomy":"product_tag","embeddable":true,"href":"https:\/\/ancuhome.net\/index.php\/wp-json\/wp\/v2\/product_tag?post=5497"}],"curies":[{"name":"wp","href":"https:\/\/api.w.org\/{rel}","templated":true}]}}