{"id":5369,"date":"2025-06-06T14:04:08","date_gmt":"2025-06-06T07:04:08","guid":{"rendered":"https:\/\/ancuhome.net\/?post_type=product&#038;p=5369"},"modified":"2025-07-04T10:00:33","modified_gmt":"2025-07-04T03:00:33","slug":"binh-soi","status":"publish","type":"product","link":"https:\/\/ancuhome.net\/index.php\/product\/binh-soi\/","title":{"rendered":"B\u00ecnh S\u1ecfi"},"content":{"rendered":"<p><strong>B\u00ecnh S\u1ecfi<\/strong><\/p>\n<p>K\u00edch th\u01b0\u1edbc:<\/p>\n<p>* S\u1ecfi V\u00e0ng: 19x17x25 (cm)<\/p>\n<p>* S\u1ecfi N\u00e2u: 23x12x30 (cm)<\/p>\n<p>* T\u1ea3ng \u0110\u00e1 H\u1ed3ng: 20x8x27 (cm)<\/p>\n<p>Mang h\u01a1i th\u1edf hi\u1ec7n \u0111\u1ea1i v\u00e0o kh\u00f4ng gian s\u1ed1ng c\u1ee7a b\u1ea1n v\u1edbi b\u1ed9 s\u01b0u t\u1eadp b\u00ecnh g\u1ed1m m\u1edbi t\u1eeb B\u00e1t Tr\u00e0ng:<\/p>\n<p>&#8211; Thi\u1ebft k\u1ebf t\u1ed1i gi\u1ea3n \u2013 \u0110\u01b0\u1eddng n\u00e9t thanh tho\u00e1t, kh\u00f4ng r\u01b0\u1eddm r\u00e0, d\u1ec5 k\u1ebft h\u1ee3p v\u1edbi m\u1ecdi phong c\u00e1ch n\u1ed9i th\u1ea5t.<\/p>\n<p>&#8211; C\u1ed1t g\u1ed1m m\u1ecfng, nh\u1eb9 \u2013 C\u1ea3m gi\u00e1c c\u1ea7m tay tho\u1ea3i m\u00e1i, ti\u1ec7n l\u1ee3i cho c\u1ea3 vi\u1ec7c trang tr\u00ed l\u1eabn s\u1eed d\u1ee5ng h\u00e0ng ng\u00e0y.<\/p>\n<p>\ud83d\udd25 Ch\u1ea5t l\u01b0\u1ee3ng th\u1ee7 c\u00f4ng t\u1eeb l\u00e0ng ngh\u1ec1 B\u00e1t Tr\u00e0ng \u2013 M\u1ed7i s\u1ea3n ph\u1ea9m l\u00e0 m\u1ed9t t\u00e1c ph\u1ea9m ngh\u1ec7 thu\u1eadt \u0111\u01b0\u1ee3c l\u00e0m th\u1ee7 c\u00f4ng t\u1ec9 m\u1ec9.<\/p>\n<p>Ph\u00f9 h\u1ee3p l\u00e0m b\u00ecnh hoa, decor k\u1ec7 s\u00e1ch, b\u00e0n l\u00e0m vi\u1ec7c, hay m\u00f3n qu\u00e0 tinh t\u1ebf cho nh\u1eefng ng\u01b0\u1eddi y\u00eau s\u1ef1 gi\u1ea3n \u0111\u01a1n hi\u1ec7n \u0111\u1ea1i.<\/p>\n","protected":false},"excerpt":{"rendered":"<p>B\u00ecnh S\u1ecfi K\u00edch th\u01b0\u1edbc: * S\u1ecfi V\u00e0ng: 19x17x25 (cm) * S\u1ecfi N\u00e2u: 23x12x30 (cm) * T\u1ea3ng \u0110\u00e1 H\u1ed3ng: 20x8x27 (cm) Mang h\u01a1i th\u1edf hi\u1ec7n \u0111\u1ea1i v\u00e0o kh\u00f4ng gian s\u1ed1ng c\u1ee7a b\u1ea1n v\u1edbi b\u1ed9 s\u01b0u t\u1eadp b\u00ecnh g\u1ed1m m\u1edbi t\u1eeb B\u00e1t Tr\u00e0ng: &#8211; Thi\u1ebft k\u1ebf t\u1ed1i gi\u1ea3n \u2013 \u0110\u01b0\u1eddng n\u00e9t thanh tho\u00e1t, kh\u00f4ng r\u01b0\u1eddm r\u00e0, d\u1ec5 [&hellip;]<\/p>\n","protected":false},"featured_media":5374,"comment_status":"open","ping_status":"closed","template":"","meta":{"content-type":""},"product_brand":[23],"product_cat":[30],"product_tag":[55],"class_list":{"0":"post-5369","1":"product","2":"type-product","3":"status-publish","4":"has-post-thumbnail","6":"product_brand-bat-trang","7":"product_cat-ceramic","8":"product_tag-battrang","10":"first","11":"instock","12":"shipping-taxable","13":"purchasable","14":"product-type-simple"},"jetpack_sharing_enabled":true,"_links":{"self":[{"href":"https:\/\/ancuhome.net\/index.php\/wp-json\/wp\/v2\/product\/5369","targetHints":{"allow":["GET"]}}],"collection":[{"href":"https:\/\/ancuhome.net\/index.php\/wp-json\/wp\/v2\/product"}],"about":[{"href":"https:\/\/ancuhome.net\/index.php\/wp-json\/wp\/v2\/types\/product"}],"replies":[{"embeddable":true,"href":"https:\/\/ancuhome.net\/index.php\/wp-json\/wp\/v2\/comments?post=5369"}],"wp:featuredmedia":[{"embeddable":true,"href":"https:\/\/ancuhome.net\/index.php\/wp-json\/wp\/v2\/media\/5374"}],"wp:attachment":[{"href":"https:\/\/ancuhome.net\/index.php\/wp-json\/wp\/v2\/media?parent=5369"}],"wp:term":[{"taxonomy":"product_brand","embeddable":true,"href":"https:\/\/ancuhome.net\/index.php\/wp-json\/wp\/v2\/product_brand?post=5369"},{"taxonomy":"product_cat","embeddable":true,"href":"https:\/\/ancuhome.net\/index.php\/wp-json\/wp\/v2\/product_cat?post=5369"},{"taxonomy":"product_tag","embeddable":true,"href":"https:\/\/ancuhome.net\/index.php\/wp-json\/wp\/v2\/product_tag?post=5369"}],"curies":[{"name":"wp","href":"https:\/\/api.w.org\/{rel}","templated":true}]}}