{"id":5270,"date":"2025-06-06T11:31:26","date_gmt":"2025-06-06T04:31:26","guid":{"rendered":"https:\/\/ancuhome.net\/?post_type=product&#038;p=5270"},"modified":"2025-07-04T10:18:51","modified_gmt":"2025-07-04T03:18:51","slug":"bat-trang-dia-xanh-ke","status":"publish","type":"product","link":"https:\/\/ancuhome.net\/index.php\/product\/bat-trang-dia-xanh-ke\/","title":{"rendered":"\u0110\u0129a xanh k\u1ebb"},"content":{"rendered":"<p><strong>\u0110\u0129a xanh k\u1ebb<\/strong><\/p>\n<p>K\u00edch th\u01b0\u1edbc: 21cm x 2.3cm<\/p>\n<p>Mang h\u01a1i th\u1edf hi\u1ec7n \u0111\u1ea1i v\u00e0o kh\u00f4ng gian s\u1ed1ng c\u1ee7a b\u1ea1n v\u1edbi b\u1ed9 s\u01b0u t\u1eadp b\u00ecnh g\u1ed1m m\u1edbi t\u1eeb B\u00e1t Tr\u00e0ng:<\/p>\n<p>&#8211; Thi\u1ebft k\u1ebf t\u1ed1i gi\u1ea3n \u2013 \u0110\u01b0\u1eddng n\u00e9t thanh tho\u00e1t, kh\u00f4ng r\u01b0\u1eddm r\u00e0, d\u1ec5 k\u1ebft h\u1ee3p v\u1edbi m\u1ecdi phong c\u00e1ch n\u1ed9i th\u1ea5t.<\/p>\n<p>&#8211; M\u00e0u pastel d\u1ecbu nh\u1eb9 \u2013 t\u1ea1o \u0111i\u1ec3m nh\u1ea5n nh\u1eb9 nh\u00e0ng m\u00e0 sang tr\u1ecdng cho ng\u00f4i nh\u00e0 c\u1ee7a b\u1ea1n.<\/p>\n<p>&#8211; C\u1ed1t g\u1ed1m m\u1ecfng, nh\u1eb9 \u2013 C\u1ea3m gi\u00e1c c\u1ea7m tay tho\u1ea3i m\u00e1i, ti\u1ec7n l\u1ee3i cho c\u1ea3 vi\u1ec7c trang tr\u00ed l\u1eabn s\u1eed d\u1ee5ng h\u00e0ng ng\u00e0y.<\/p>\n<p>Ph\u00f9 h\u1ee3p decor b\u00e0n l\u00e0m vi\u1ec7c, s\u1eed d\u1ee5ng h\u00e0ng ng\u00e0y hay m\u00f3n qu\u00e0 tinh t\u1ebf cho nh\u1eefng ng\u01b0\u1eddi y\u00eau s\u1ef1 gi\u1ea3n \u0111\u01a1n hi\u1ec7n \u0111\u1ea1i.<\/p>\n","protected":false},"excerpt":{"rendered":"<p>\u0110\u0129a xanh k\u1ebb K\u00edch th\u01b0\u1edbc: 21cm x 2.3cm Mang h\u01a1i th\u1edf hi\u1ec7n \u0111\u1ea1i v\u00e0o kh\u00f4ng gian s\u1ed1ng c\u1ee7a b\u1ea1n v\u1edbi b\u1ed9 s\u01b0u t\u1eadp b\u00ecnh g\u1ed1m m\u1edbi t\u1eeb B\u00e1t Tr\u00e0ng: &#8211; Thi\u1ebft k\u1ebf t\u1ed1i gi\u1ea3n \u2013 \u0110\u01b0\u1eddng n\u00e9t thanh tho\u00e1t, kh\u00f4ng r\u01b0\u1eddm r\u00e0, d\u1ec5 k\u1ebft h\u1ee3p v\u1edbi m\u1ecdi phong c\u00e1ch n\u1ed9i th\u1ea5t. &#8211; M\u00e0u pastel d\u1ecbu [&hellip;]<\/p>\n","protected":false},"featured_media":5273,"comment_status":"open","ping_status":"closed","template":"","meta":{"content-type":""},"product_brand":[23],"product_cat":[30],"product_tag":[58],"class_list":{"0":"post-5270","1":"product","2":"type-product","3":"status-publish","4":"has-post-thumbnail","6":"product_brand-bat-trang","7":"product_cat-ceramic","8":"product_tag-kitchen","10":"first","11":"instock","12":"shipping-taxable","13":"purchasable","14":"product-type-simple"},"jetpack_sharing_enabled":true,"_links":{"self":[{"href":"https:\/\/ancuhome.net\/index.php\/wp-json\/wp\/v2\/product\/5270","targetHints":{"allow":["GET"]}}],"collection":[{"href":"https:\/\/ancuhome.net\/index.php\/wp-json\/wp\/v2\/product"}],"about":[{"href":"https:\/\/ancuhome.net\/index.php\/wp-json\/wp\/v2\/types\/product"}],"replies":[{"embeddable":true,"href":"https:\/\/ancuhome.net\/index.php\/wp-json\/wp\/v2\/comments?post=5270"}],"wp:featuredmedia":[{"embeddable":true,"href":"https:\/\/ancuhome.net\/index.php\/wp-json\/wp\/v2\/media\/5273"}],"wp:attachment":[{"href":"https:\/\/ancuhome.net\/index.php\/wp-json\/wp\/v2\/media?parent=5270"}],"wp:term":[{"taxonomy":"product_brand","embeddable":true,"href":"https:\/\/ancuhome.net\/index.php\/wp-json\/wp\/v2\/product_brand?post=5270"},{"taxonomy":"product_cat","embeddable":true,"href":"https:\/\/ancuhome.net\/index.php\/wp-json\/wp\/v2\/product_cat?post=5270"},{"taxonomy":"product_tag","embeddable":true,"href":"https:\/\/ancuhome.net\/index.php\/wp-json\/wp\/v2\/product_tag?post=5270"}],"curies":[{"name":"wp","href":"https:\/\/api.w.org\/{rel}","templated":true}]}}