{"id":5174,"date":"2025-06-03T17:23:16","date_gmt":"2025-06-03T10:23:16","guid":{"rendered":"https:\/\/ancuhome.net\/?post_type=product&#038;p=5174"},"modified":"2025-06-10T23:40:08","modified_gmt":"2025-06-10T16:40:08","slug":"ro-may-tron","status":"publish","type":"product","link":"https:\/\/ancuhome.net\/index.php\/product\/ro-may-tron\/","title":{"rendered":"R\u1ed5 M\u00e2y Tr\u00f2n"},"content":{"rendered":"<p><strong>R\u1ed5 M\u00e2y Tr\u00f2n<\/strong><\/p>\n<p>K\u00edch th\u01b0\u1edbc:<\/p>\n<p>S: D20 x H6.5 cm<\/p>\n<p>M: D23 x H9 cm<\/p>\n<p>L: D26 x H10.5 cm<\/p>\n","protected":false},"excerpt":{"rendered":"<p>R\u1ed5 M\u00e2y Tr\u00f2n K\u00edch th\u01b0\u1edbc: S: D20 x H6.5 cm M: D23 x H9 cm L: D26 x H10.5 cm<\/p>\n","protected":false},"featured_media":5178,"comment_status":"open","ping_status":"closed","template":"","meta":{"content-type":""},"product_brand":[],"product_cat":[36],"product_tag":[66],"class_list":{"0":"post-5174","1":"product","2":"type-product","3":"status-publish","4":"has-post-thumbnail","6":"product_cat-textiles","7":"product_tag-do-may","9":"first","10":"instock","11":"shipping-taxable","12":"purchasable","13":"product-type-variable"},"jetpack_sharing_enabled":true,"_links":{"self":[{"href":"https:\/\/ancuhome.net\/index.php\/wp-json\/wp\/v2\/product\/5174","targetHints":{"allow":["GET"]}}],"collection":[{"href":"https:\/\/ancuhome.net\/index.php\/wp-json\/wp\/v2\/product"}],"about":[{"href":"https:\/\/ancuhome.net\/index.php\/wp-json\/wp\/v2\/types\/product"}],"replies":[{"embeddable":true,"href":"https:\/\/ancuhome.net\/index.php\/wp-json\/wp\/v2\/comments?post=5174"}],"wp:featuredmedia":[{"embeddable":true,"href":"https:\/\/ancuhome.net\/index.php\/wp-json\/wp\/v2\/media\/5178"}],"wp:attachment":[{"href":"https:\/\/ancuhome.net\/index.php\/wp-json\/wp\/v2\/media?parent=5174"}],"wp:term":[{"taxonomy":"product_brand","embeddable":true,"href":"https:\/\/ancuhome.net\/index.php\/wp-json\/wp\/v2\/product_brand?post=5174"},{"taxonomy":"product_cat","embeddable":true,"href":"https:\/\/ancuhome.net\/index.php\/wp-json\/wp\/v2\/product_cat?post=5174"},{"taxonomy":"product_tag","embeddable":true,"href":"https:\/\/ancuhome.net\/index.php\/wp-json\/wp\/v2\/product_tag?post=5174"}],"curies":[{"name":"wp","href":"https:\/\/api.w.org\/{rel}","templated":true}]}}