{"id":35,"date":"2025-02-24T06:36:11","date_gmt":"2025-02-24T06:36:11","guid":{"rendered":"http:\/\/sw-themes.com\/porto_dummy\/?page_id=35"},"modified":"2025-05-31T14:47:52","modified_gmt":"2025-05-31T07:47:52","slug":"about-us","status":"publish","type":"page","link":"https:\/\/ancuhome.net\/index.php\/about-us\/","title":{"rendered":"About Us"},"content":{"rendered":"<div class=\"wpb-content-wrapper\"><p>[vc_row wrap_container=&#8221;yes&#8221; conditional_render=&#8221;%5B%7B%22value_role%22%3A%22administrator%22%7D%5D&#8221; css_params=&#8221;{&#8220;css_margin_bottom_lg&#8220;:&#8220;4rem&#8220;}&#8221; css=&#8221;.vc_custom_1741745967721{margin-bottom: 5.05rem !important;background: #b08f75 url(\/\/sw-themes.com\/porto_dummy\/wp-content\/uploads\/2025\/02\/shop53-bg-4.jpg?id=2546) !important;background-position: center !important;background-repeat: no-repeat !important;background-size: cover !important;}&#8221; el_class=&#8221;overlay overlay-1 position-relative&#8221; custom_css_response=&#8221;@media(max-width:991px){.vc_custom_1741745967721{margin-bottom:4rem!important;}}&#8221;][vc_column css=&#8221;.vc_custom_1741738275428{padding-top: 25rem !important;padding-bottom: 3.875rem !important;}&#8221; conditional_render=&#8221;%5B%7B%22value_role%22%3A%22administrator%22%7D%5D&#8221; css_params=&#8221;{&#8220;css_padding_top_lg&#8220;:&#8220;19.3rem&#8220;,&#8220;css_padding_top_md&#8220;:&#8220;17.3rem&#8220;,&#8220;css_padding_bottom_md&#8220;:&#8220;2.3rem&#8220;}&#8221; custom_css_response=&#8221;@media(max-width:991px){.vc_custom_1741738275428{padding-top:19.3rem!important;}}@media(max-width:767px){.vc_custom_1741738275428{padding-top:17.3rem!important;padding-bottom:2.3rem!important;}}&#8221;][vc_single_image image=&#8221;584&#8243; img_size=&#8221;full&#8221; css=&#8221;.vc_custom_1741738159378{margin-bottom: 0px !important;}&#8221; animation_delay=&#8221;500&#8243; el_class=&#8221;img-pos-4 d-none d-md-block&#8221; css_params=&#8221;&#8221; animation_type=&#8221;fadeIn&#8221; img_width=&#8221;{&#8220;md&#8220;:&#8220;20&#8220;,&#8220;unit&#8220;:&#8220;rem&#8220;,&#8220;xs&#8220;:&#8220;&#8220;,&#8220;sm&#8220;:&#8220;&#8220;,&#8220;lg&#8220;:&#8220;&#8220;,&#8220;xl&#8220;:&#8220;&#8220;}&#8221;]<div class=\"porto-animation rotate-text rotate-text-1\"  data-appear-animation=\"fadeIn\" data-appear-animation-delay=\"800\">[vc_raw_html css=&#8221;.vc_custom_1741412811558{margin-bottom: 0px !important;padding-top: 5px !important;padding-right: 5px !important;padding-bottom: 5px !important;padding-left: 5px !important;background-color: var(&#8211;porto-light-color) !important;}&#8221; css_params=&#8221;&#8221; el_class=&#8221;br-circle&#8221;]JTNDZGl2JTIwY2xhc3MlM0QlMjJyb3RhdGUtZWZmZWN0JTIyJTNFJTNDc3ZnJTIwdmlld0JveCUzRCUyMjAlMjAwJTIwMzAwJTIwMzAwJTIyJTIweG1sbnMlM0QlMjJodHRwJTNBJTJGJTJGd3d3LnczLm9yZyUyRjIwMDAlMkZzdmclMjIlMjB4bWxucyUzQXhsaW5rJTNEJTIyaHR0cCUzQSUyRiUyRnd3dy53My5vcmclMkYxOTk5JTJGeGxpbmslMjIlMjBzdHlsZSUzRCUyMnBvc2l0aW9uJTNBJTIwcmVsYXRpdmUlM0IlMjB0b3AlM0ElMjAxcHglM0IlMjBsZWZ0JTNBJTIwNXB4JTNCJTIyJTNFJTBEJTBBJTIwJTIwJTIwJTIwJTNDcGF0aCUyMGlkJTNEJTIyY3VydmVkVGV4dDElMjIlMjBmaWxsJTNEJTIybm9uZSUyMiUyMHN0cm9rZSUzRCUyMm5vbmUlMjIlMjBkJTNEJTIyTSUyMDMyLjU1MDQ5MSUyQzE0OC40ODAwOCUyMEElMjAtMTA4LjE1MTQ0JTJDLTEwOC4xNTE0NCUyMDAlMjAwJTIwMSUyMDE0MC43MDE5NCUyQzQwLjMyODY0NCUyMC0xMDguMTUxNDQlMkMtMTA4LjE1MTQ0JTIwMCUyMDAlMjAxJTIwMjQ4Ljg1MzM4JTJDMTQ4LjQ4MDA4JTIwLTEwOC4xNTE0NCUyQy0xMDguMTUxNDQlMjAwJTIwMCUyMDElMjAxNDAuNzAxOTQlMkMyNTYuNjMxNTMlMjAtMTA4LjE1MTQ0JTJDLTEwOC4xNTE0NCUyMDAlMjAwJTIwMSUyMDMyLjU1MDQ5MSUyQzE0OC40ODAwOCUyMFolMjIlM0UlM0MlMkZwYXRoJTNFJTIwJTIwJTBEJTBBJTIwJTIwJTIwJTIwJTNDdGV4dCUyMGZvbnQtc2l6ZSUzRCUyMjI4JTIyJTIwZmlsbCUzRCUyMiUyMzI2MjYyNiUyMiUyMGxldHRlci1zcGFjaW5nJTNEJTIyMy4yJTIyJTIwZm9udC1mYW1pbHklM0QlMjJNYXJjZWxsdXMlMkMlMjBQb3BwaW5zJTIyJTIwZm9udC13ZWlnaHQlM0QlMjI3MDAlMjIlM0UlMEQlMEElMjAlMjAlMjAlMjAlM0N0ZXh0UGF0aCUyMHhsaW5rJTNBaHJlZiUzRCUyMiUyM2N1cnZlZFRleHQxJTIyJTNFSEFORE1BREUlMjAtJTIwSEFORE1BREUlMjAtJTIwSEFORE1BREUlMjAtJTIwJTNDJTJGdGV4dFBhdGglM0UlM0MlMkZ0ZXh0JTNFJTBEJTBBJTNDJTJGc3ZnJTNFJTNDJTJGZGl2JTNFJTBEJTBBJTNDZGl2JTIwc3R5bGUlM0QlMjJwb3NpdGlvbiUzQSUyMGFic29sdXRlJTNCJTIwbGVmdCUzQSUyMDUwJTI1JTNCJTIwdG9wJTNBJTIwNTAlMjUlM0IlMjB0cmFuc2Zvcm0lM0ElMjB0cmFuc2xhdGUlMjglMjAtNTAlMjUlMkMlMjAtNTAlMjUlMjAlMjklM0IlMjBwYWRkaW5nJTNBJTIwMS40cmVtJTNCJTIwYm9yZGVyLXJhZGl1cyUzQSUyMDUwJTI1JTNCJTIwYmFja2dyb3VuZC1jb2xvciUzQSUyMCUyM0ZBRURFQSUzQiUyMHBhZGRpbmclM0ElMjAwLjY1cmVtJTIwMC42NXJlbSUyMDAuNjVyZW0lMjAwLjY1cmVtJTNCJTIyJTNFJTNDaW1nJTIwc3JjJTNEJTIyaHR0cHMlM0ElMkYlMkZ3d3cucG9ydG90aGVtZS5jb20lMkZ3b3JkcHJlc3MlMkZwb3J0byUyRnNob3A1MyUyRndwLWNvbnRlbnQlMkZ1cGxvYWRzJTJGc2l0ZXMlMkYyMzglMkYyMDI1JTJGMDIlMkZzaG9wNTMtaGFuZG1hZGUucG5nJTIyJTIwd2lkdGglM0QlMjI1MCUyMiUyMGhlaWdodCUzRCUyMjUwJTIyJTIwYWx0JTNEJTIySW1hZ2UlMjIlMjAlMkYlM0UlM0MlMkZkaXYlM0U=[\/vc_raw_html]<\/div><div class=\"porto-u-heading  wpb_custom_f65570989e0792e9a6ea44ce3a3e2dd2 porto-u-55ca8359258f9a412be7e73af65d2aac  vc_custom_1748670020460\" data-appear-animation=\"fadeInUp\" data-appear-animation-delay=\"200\"><div class=\"porto-u-main-heading\"><h2   style=\"color:var(--porto-light-color);\">B\u1eb1ng t\u00ecnh y\u00eau m\u00e3nh li\u1ec7t v\u1edbi \u0111\u1ed3 th\u1ee7 c\u00f4ng truy\u1ec1n th\u1ed1ng...<\/h2><\/div><style>.porto-u-55ca8359258f9a412be7e73af65d2aac.porto-u-heading{text-align:center}<\/style><\/div>[\/vc_column][\/vc_row][vc_row wrap_container=&#8221;yes&#8221; conditional_render=&#8221;%5B%7B%22value_role%22%3A%22administrator%22%7D%5D&#8221; css_params=&#8221;&#8221;][vc_column]<div class=\"porto-u-heading  wpb_custom_81fabe11e7c9f90b554646a523c7a9ab porto-u-55ca8359258f9a412be7e73af65d2aac  vc_custom_1748670181555\"><div class=\"porto-u-sub-heading\" style=\"\">Th\u1eadt vui v\u00ec b\u1ea1n \u0111ang \u0111\u1ecdc \u0111\u01b0\u1ee3c nh\u1eefng d\u00f2ng n\u00e0y ^.^<\/p>\n<p>D\u00f9 ch\u1ec9 l\u00e0 v\u00f4 t\u00ecnh l\u01b0\u1edbt qua hay h\u1eefu duy\u00ean k\u1ef3 ng\u1ed9, m\u1ebfn ch\u00e0o b\u1ea1n \u0111\u00e3 t\u1edbi v\u1edbi An C\u01b0 &#8211; N\u01a1i b\u1ea1n s\u1ebd lu\u00f4n t\u00ecm \u0111\u01b0\u1ee3c \u0111i\u1ec1u g\u00ec \u0111\u00f3 th\u1eadt d\u1ecbu d\u00e0ng cho cu\u1ed9c s\u1ed1ng c\u1ee7a m\u00ecnh th\u00eam ph\u1ea7n \u00fd ngh\u0129a.<\/div><style>.porto-u-55ca8359258f9a412be7e73af65d2aac.porto-u-heading{text-align:center}<\/style><\/div><div class=\"porto-u-heading w-img  wpb_custom_e7fae48631fb46c2f1fdc618e582759d porto-u-55ca8359258f9a412be7e73af65d2aac  vc_custom_1743350884362\"><div class=\"porto-u-main-heading\" data-appear-animation=\"highlightShape\"><h2  ><span class=\"heading-highlight-before\"><\/span><span class=\"heading-highlight-svg\"><mark>Handcrafted<\/mark><span class=\"svg-highlight scribble\"><svg class=\"highlight-scribble\" viewBox=\"0 0 760 60\" preserveAspectRatio=\"none\"><path d=\"M19,49C75.19,30.63,152,21,317.26,17.27c55.43-.41,198.33-2.08,407.85,12.53\"><\/path><\/svg><\/span><\/span><span class=\"heading-highlight-after\">treasures <img src='https:\/\/ancuhome.net\/wp-content\/uploads\/2025\/02\/shop53-text-img-1.png' width='160' height='100' alt='Image' \/> made with love <img src='https:\/\/ancuhome.net\/wp-content\/uploads\/2025\/02\/shop53-text-img-2.png' width='160' height='100' alt='Image' \/> and nature's touch. <img src='https:\/\/ancuhome.net\/wp-content\/uploads\/2025\/02\/shop53-text-img-3.png' width='160' height='100' alt='Image' \/><\/span><\/h2><\/div><style>.porto-u-55ca8359258f9a412be7e73af65d2aac.porto-u-heading{text-align:center}<\/style><\/div>[\/vc_column][\/vc_row][vc_row wrap_container=&#8221;yes&#8221; content_placement=&#8221;middle&#8221; conditional_render=&#8221;%5B%7B%22value_role%22%3A%22administrator%22%7D%5D&#8221; css_params=&#8221;{&#8220;css_margin_bottom_lg&#8220;:&#8220;4.3rem&#8220;}&#8221; css=&#8221;.vc_custom_1741744778477{margin-bottom: 5.95rem !important;}&#8221; custom_css_response=&#8221;@media(max-width:991px){.vc_custom_1741744778477{margin-bottom:4.3rem!important;}}&#8221;][vc_column width=&#8221;1\/3&#8243; el_class=&#8221;order-md-last&#8221; conditional_render=&#8221;%5B%7B%22value_role%22%3A%22administrator%22%7D%5D&#8221; css_params=&#8221;{&#8220;css_margin_bottom_md&#8220;:&#8220;2rem&#8220;}&#8221; css=&#8221;.vc_custom_1741741851882{porto_vc_design_option}&#8221; custom_css_response=&#8221;@media(max-width:767px){.vc_custom_1741741851882{margin-bottom:2rem!important;}}&#8221;][vc_single_image image=&#8221;1836&#8243; img_size=&#8221;full&#8221; css=&#8221;.vc_custom_1741741752748{margin-right: 13.8% !important;margin-bottom: 0px !important;margin-left: 4.5% !important;}&#8221; animation_delay=&#8221;500&#8243; el_class=&#8221;img-mask-1 text-md-center&#8221; css_params=&#8221;{&#8220;css_margin_right_lg&#8220;:&#8220;5%&#8220;,&#8220;css_margin_left_lg&#8220;:&#8220;6%&#8220;,&#8220;css_margin_right_md&#8220;:&#8220;0px&#8220;,&#8220;css_margin_left_md&#8220;:&#8220;0px&#8220;}&#8221; animation_type=&#8221;zoomIn&#8221; custom_css_response=&#8221;@media(max-width:991px){.vc_custom_1741741752748{margin-right:5%!important;margin-left:6%!important;}}@media(max-width:767px){.vc_custom_1741741752748{margin-right:0px!important;margin-left:0px!important;}}&#8221;][\/vc_column][vc_column width=&#8221;2\/3&#8243; css=&#8221;.vc_custom_1741741733679{padding-left: 9.1% !important;}&#8221; conditional_render=&#8221;%5B%7B%22value_role%22%3A%22administrator%22%7D%5D&#8221; css_params=&#8221;{&#8220;css_padding_left_lg&#8220;:&#8220;2.5%&#8220;,&#8220;css_padding_left_md&#8220;:&#8220;10px&#8220;}&#8221; custom_css_response=&#8221;@media(max-width:991px){.vc_custom_1741741733679{padding-left:2.5%!important;}}@media(max-width:767px){.vc_custom_1741741733679{padding-left:10px!important;}}&#8221;][vc_custom_heading text=&#8221;D\u1ecbu d\u00e0ng trong t\u1eebng ph\u00fat gi\u00e2y&#8221; font_container=&#8221;tag:div|font_size:13px|text_align:left|color:var(&#8211;porto-dark-color)&#8221; use_theme_fonts=&#8221;yes&#8221; css=&#8221;.vc_custom_1748669681459{margin-bottom: 0.75rem !important;}&#8221; text_transform=&#8221;text-uppercase&#8221; letter_spacing=&#8221;0.11em&#8221; animation_delay=&#8221;200&#8243; css_params=&#8221;&#8221; animation_type=&#8221;fadeInUp&#8221;]<div class=\"porto-u-heading  wpb_custom_281c7cb7e25727db0241b0ec4c4a4e79 porto-u-ad87e2eaf3f9c495180fe0156ddf3eb0  vc_custom_1748670257542\" data-appear-animation=\"textEntrance\" data-appear-animation-delay=\"400\"><div class=\"porto-u-main-heading\"><h2  >AN C\u01af<\/h2><\/div><style>.porto-u-ad87e2eaf3f9c495180fe0156ddf3eb0.porto-u-heading{text-align:left}<\/style><\/div>[vc_custom_heading text=&#8221;\u0110\u01b0\u1ee3c th\u00e0nh l\u1eadp t\u1eeb n\u0103m 2022 b\u1edfi m\u1ed9t ng\u01b0\u1eddi tr\u1ebb xu\u1ea5t th\u00e2n t\u1eeb Tr\u01b0\u1eddng \u0110\u1ea1i h\u1ecdc Ki\u1ebfn tr\u00fac H\u00e0 N\u1ed9i, An C\u01b0 mang trong m\u00ecnh t\u00ecnh y\u00eau s\u00e2u s\u1eafc v\u1edbi kh\u00f4ng gian s\u1ed1ng v\u00e0 v\u1ebb \u0111\u1eb9p truy\u1ec1n th\u1ed1ng. Ch\u00fang t\u00f4i chuy\u00ean cung c\u1ea5p d\u1ecbch v\u1ee5 thi\u1ebft k\u1ebf n\u1ed9i th\u1ea5t, t\u01b0 v\u1ea5n thi c\u00f4ng v\u00e0 ho\u00e0n thi\u1ec7n n\u1ed9i th\u1ea5t v\u1edbi phong c\u00e1ch \u1ea5m \u00e1p, nh\u1eb9 nh\u00e0ng nh\u01b0ng v\u1eabn ti\u1ec7n nghi v\u00e0 tinh t\u1ebf.&#8221; font_container=&#8221;tag:p|font_size:1.25rem|text_align:left|line_height:1.7em&#8221; use_theme_fonts=&#8221;yes&#8221; css=&#8221;.vc_custom_1748670291435{margin-bottom: 0.1rem !important;}&#8221; letter_spacing=&#8221;-0.01em&#8221; animation_delay=&#8221;500&#8243; css_params=&#8221;&#8221; animation_type=&#8221;fadeInUp&#8221;][\/vc_column][\/vc_row][vc_row wrap_container=&#8221;yes&#8221; content_placement=&#8221;middle&#8221; conditional_render=&#8221;%5B%7B%22value_role%22%3A%22administrator%22%7D%5D&#8221; css_params=&#8221;{&#8220;css_margin_bottom_lg&#8220;:&#8220;3.8rem&#8220;}&#8221; css=&#8221;.vc_custom_1741744823653{margin-bottom: 5.4rem !important;}&#8221; custom_css_response=&#8221;@media(max-width:991px){.vc_custom_1741744823653{margin-bottom:3.8rem!important;}}&#8221;][vc_column width=&#8221;2\/5&#8243; conditional_render=&#8221;%5B%7B%22value_role%22%3A%22administrator%22%7D%5D&#8221; css_params=&#8221;&#8221; custom_css_response=&#8221;@media(max-width:767px){.vc_custom_1741742123575{margin-bottom:2rem!important;}}&#8221;][vc_single_image image=&#8221;1835&#8243; img_size=&#8221;full&#8221; css=&#8221;.vc_custom_1741742597910{margin-right: 2.7% !important;margin-bottom: 0px !important;margin-left: 13.7% !important;}&#8221; animation_delay=&#8221;200&#8243; el_class=&#8221;img-mask-2&#8243; css_params=&#8221;{&#8220;css_margin_left_lg&#8220;:&#8220;3.7%&#8220;,&#8220;css_margin_right_md&#8220;:&#8220;0px&#8220;,&#8220;css_margin_left_md&#8220;:&#8220;0px&#8220;}&#8221; animation_type=&#8221;zoomIn&#8221; custom_css_response=&#8221;@media(max-width:991px){.vc_custom_1741742597910{margin-left:3.7%!important;}}@media(max-width:767px){.vc_custom_1741742597910{margin-right:0px!important;margin-left:0px!important;}}&#8221;][\/vc_column][vc_column width=&#8221;3\/5&#8243; css=&#8221;.vc_custom_1741742608799{padding-right: 2.4% !important;padding-left: 2.4% !important;}&#8221; conditional_render=&#8221;%5B%7B%22value_role%22%3A%22administrator%22%7D%5D&#8221; css_params=&#8221;{&#8220;css_padding_right_md&#8220;:&#8220;10px&#8220;,&#8220;css_padding_left_md&#8220;:&#8220;10px&#8220;}&#8221; custom_css_response=&#8221;@media(max-width:767px){.vc_custom_1741742608799{padding-right:10px!important;padding-left:10px!important;}}&#8221;][vc_custom_heading text=&#8221;D\u1ecbu d\u00e0ng trong t\u1eebng ph\u00fat gi\u00e2y&#8221; font_container=&#8221;tag:div|font_size:13px|text_align:left|color:var(&#8211;porto-dark-color)&#8221; use_theme_fonts=&#8221;yes&#8221; css=&#8221;.vc_custom_1748670485997{margin-top: 2.6rem !important;margin-bottom: 0.75rem !important;}&#8221; text_transform=&#8221;text-uppercase&#8221; letter_spacing=&#8221;0.11em&#8221; animation_delay=&#8221;200&#8243; css_params=&#8221;&#8221; animation_type=&#8221;fadeInUp&#8221;]<div class=\"porto-u-heading  wpb_custom_281c7cb7e25727db0241b0ec4c4a4e79 porto-u-ad87e2eaf3f9c495180fe0156ddf3eb0  vc_custom_1748670376716\" data-appear-animation=\"textEntrance\" data-appear-animation-delay=\"400\"><div class=\"porto-u-main-heading\"><h2  >\u0110i\u1ec1u gi\u1ea3n d\u1ecb<\/h2><\/div><style>.porto-u-ad87e2eaf3f9c495180fe0156ddf3eb0.porto-u-heading{text-align:left}<\/style><\/div>[vc_custom_heading text=&#8221;B\u00ean c\u1ea1nh \u0111\u00f3, An C\u01b0 c\u00f2n l\u00e0 n\u01a1i b\u1ea1n c\u00f3 th\u1ec3 t\u00ecm th\u1ea5y nh\u1eefng m\u00f3n \u0111\u1ed3 th\u1ee7 c\u00f4ng \u0111\u1eadm ch\u1ea5t v\u0103n h\u00f3a Vi\u1ec7t: t\u1eeb g\u1ed1m s\u1ee9, b\u00e1t \u0111\u0129a, c\u1ed1c ly, \u0111\u1ed3 g\u1ed7 d\u00f9ng b\u1ebfp, \u0111\u1ebfn nh\u1eefng s\u1ea3n ph\u1ea9m m\u00e2y tre \u0111an m\u1ed9c m\u1ea1c \u2013 t\u1ea5t c\u1ea3 \u0111\u1ec1u \u0111\u01b0\u1ee3c tuy\u1ec3n ch\u1ecdn k\u1ef9 l\u01b0\u1ee1ng cho ng\u00f4i nh\u00e0, g\u00f3c l\u00e0m vi\u1ec7c hay v\u0103n ph\u00f2ng c\u1ee7a b\u1ea1n. Ch\u00fang t\u00f4i tin r\u1eb1ng, m\u1ed7i kh\u00f4ng gian \u0111\u1ec1u c\u00f3 th\u1ec3 tr\u1edf th\u00e0nh ch\u1ed1n &#8220;an c\u01b0&#8220; \u2013 y\u00ean b\u00ecnh, g\u1ea7n g\u0169i v\u00e0 tr\u00e0n \u0111\u1ea7y c\u1ea3m h\u1ee9ng.&#8221; font_container=&#8221;tag:p|font_size:1.25rem|text_align:left|line_height:1.7em&#8221; use_theme_fonts=&#8221;yes&#8221; css=&#8221;.vc_custom_1748670440754{margin-bottom: 0.1rem !important;}&#8221; letter_spacing=&#8221;-0.013em&#8221; animation_delay=&#8221;500&#8243; css_params=&#8221;&#8221; animation_type=&#8221;fadeInUp&#8221;][\/vc_column][\/vc_row][vc_row wrap_container=&#8221;yes&#8221; conditional_render=&#8221;%5B%7B%22value_role%22%3A%22administrator%22%7D%5D&#8221; css=&#8221;.vc_custom_1741744854789{margin-bottom: 5rem !important;}&#8221; css_params=&#8221;{&#8220;css_margin_bottom_lg&#8220;:&#8220;2rem&#8220;}&#8221; custom_css_response=&#8221;@media(max-width:991px){.vc_custom_1741744854789{margin-bottom:2rem!important;}}&#8221;][vc_column width=&#8221;1\/2&#8243;]<div class=\"stats-block stats-top  custom-counter  wpb_custom_1bbd476aa7d7d7cfac357c6a55a23354  vc_custom_1748677622495\"><div class=\"stats-desc\"><div id=\"counter_205493595369de4225325a3\" data-id=\"counter_205493595369de4225325a3\" class=\"stats-number\" style=\" color:var(--porto-primary-color);\" data-speed=\"3\" data-counter-value=\"92\" data-separator=\",\" data-decimal=\".\">0<\/div><div class=\"counter_suffix mycust\" style=\" color:var(--porto-primary-color)\">%<\/div><div class=\"stats-text\" style=\"\">M\u1ecdi ng\u01b0\u1eddi th\u00edch c\u00e1c m\u1eb7t h\u00e0ng th\u1ee7 c\u00f4ng v\u00ec t\u00ednh ch\u1ea5t \u0111\u1ed9c \u0111\u00e1o v\u00e0 mang d\u1ea5u \u1ea5n c\u00e1 nh\u00e2n ri\u00eang c\u1ee7a n\u00f3<\/div><\/div><\/div>[\/vc_column][vc_column width=&#8221;1\/2&#8243;]<div class=\"stats-block stats-top  custom-counter  wpb_custom_1bbd476aa7d7d7cfac357c6a55a23354  vc_custom_1748677673057\"><div class=\"stats-desc\"><div id=\"counter_171529865469de422532822\" data-id=\"counter_171529865469de422532822\" class=\"stats-number\" style=\" color:var(--porto-primary-color);\" data-speed=\"3\" data-counter-value=\"89\" data-separator=\",\" data-decimal=\".\">0<\/div><div class=\"counter_suffix mycust\" style=\" color:var(--porto-primary-color)\">%<\/div><div class=\"stats-text\" style=\"\">S\u1ea3n ph\u1ea9m c\u1ee7a AN C\u01af s\u1eed d\u1ee5ng v\u1eadt li\u1ec7u v\u00e0 ph\u01b0\u01a1ng ph\u00e1p b\u1ec1n v\u1eefng, th\u00e2n thi\u1ec7n v\u1edbi m\u00f4i tr\u01b0\u1eddng.<\/div><\/div><\/div>[\/vc_column][\/vc_row][vc_row no_padding=&#8221;yes&#8221; conditional_render=&#8221;%5B%7B%22value_role%22%3A%22administrator%22%7D%5D&#8221; css_params=&#8221;{&#8220;css_margin_bottom_lg&#8220;:&#8220;4.3rem&#8220;}&#8221; css=&#8221;.vc_custom_1741744888790{margin-bottom: 5.7rem !important;}&#8221; custom_css_response=&#8221;@media(max-width:991px){.vc_custom_1741744888790{margin-bottom:4.3rem!important;}}&#8221;][vc_column width=&#8221;1\/3&#8243;][vc_single_image image=&#8221;2708&#8243; img_size=&#8221;full&#8221; css=&#8221;.vc_custom_1741743101478{margin-bottom: 0px !important;}&#8221; css_params=&#8221;&#8221; img_width=&#8221;{&#8220;unit&#8220;:&#8220;%&#8220;,&#8220;xs&#8220;:&#8220;&#8220;,&#8220;sm&#8220;:&#8220;&#8220;,&#8220;md&#8220;:&#8220;&#8220;,&#8220;lg&#8220;:&#8220;&#8220;,&#8220;xl&#8220;:&#8220;100&#8220;}&#8221;][\/vc_column][vc_column width=&#8221;1\/3&#8243;][vc_single_image image=&#8221;2709&#8243; img_size=&#8221;full&#8221; css=&#8221;.vc_custom_1741743110150{margin-bottom: 0px !important;}&#8221; css_params=&#8221;&#8221; img_width=&#8221;{&#8220;unit&#8220;:&#8220;%&#8220;,&#8220;xs&#8220;:&#8220;&#8220;,&#8220;sm&#8220;:&#8220;&#8220;,&#8220;md&#8220;:&#8220;&#8220;,&#8220;lg&#8220;:&#8220;&#8220;,&#8220;xl&#8220;:&#8220;100&#8220;}&#8221;][\/vc_column][vc_column width=&#8221;1\/3&#8243;][vc_single_image image=&#8221;2710&#8243; img_size=&#8221;full&#8221; css=&#8221;.vc_custom_1741743119784{margin-bottom: 0px !important;}&#8221; css_params=&#8221;&#8221; img_width=&#8221;{&#8220;unit&#8220;:&#8220;%&#8220;,&#8220;xs&#8220;:&#8220;&#8220;,&#8220;sm&#8220;:&#8220;&#8220;,&#8220;md&#8220;:&#8220;&#8220;,&#8220;lg&#8220;:&#8220;&#8220;,&#8220;xl&#8220;:&#8220;100&#8220;}&#8221;][\/vc_column][\/vc_row][vc_row wrap_container=&#8221;yes&#8221; conditional_render=&#8221;%5B%7B%22value_role%22%3A%22administrator%22%7D%5D&#8221; css_params=&#8221;{&#8220;css_margin_bottom_lg&#8220;:&#8220;3rem&#8220;}&#8221; css=&#8221;.vc_custom_1741744988530{margin-bottom: 4.4rem !important;}&#8221; custom_css_response=&#8221;@media(max-width:991px){.vc_custom_1741744988530{margin-bottom:3rem!important;}}&#8221;][vc_column][vc_custom_heading text=&#8221;About AN C\u01af&#8221; font_container=&#8221;tag:h2|font_size:1.75rem|text_align:left|line_height:1.2em&#8221; use_theme_fonts=&#8221;yes&#8221; css=&#8221;.vc_custom_1748670658507{margin-bottom: 1.6rem !important;}&#8221; css_params=&#8221;&#8221;][vc_custom_heading text=&#8221;Founded in 2022 by a group of young designers from Hanoi Architectural University, An C\u01b0 was born from a deep love for cozy, traditional-inspired living spaces. We specialize in interior design, consulting, and complete furnishing services \u2014 all crafted to bring comfort, elegance, and cultural soul to every corner of your home. At An C\u01b0, you\u2019ll also find a curated selection of handcrafted decor items: from ceramics, bowls, cups, and kitchenware to rustic wooden tools and beautifully woven bamboo and rattan pieces. Each product is carefully chosen to enrich your home, office, or workspace with warmth and character.<br \/>\nWe believe every space can become a true \u201cAn C\u01b0\u201d \u2014 a peaceful, inspiring place to belong.&#8221; font_container=&#8221;tag:p|font_size:1.25rem|text_align:left|line_height:1.7em&#8221; use_theme_fonts=&#8221;yes&#8221; css=&#8221;.vc_custom_1748670752721{margin-bottom: 5rem !important;}&#8221; letter_spacing=&#8221;-0.013em&#8221; css_params=&#8221;{&#8220;css_margin_bottom_lg&#8220;:&#8220;3.7rem&#8220;}&#8221; custom_css_response=&#8221;@media(max-width:991px){.vc_custom_1748670752721{margin-bottom:3.7rem!important;}}&#8221;]<div class=\"porto-carousel owl-carousel has-ccols has-ccols-spacing ccols-xl-2.4 ccols-lg-2.4 ccols-md-2.4 ccols-sm-1.5 ccols-1 custom-nav-pos nav-border wpb_custom_6a9c5a90a9705262c489c129243a37fa\" data-plugin-options=\"{&quot;themeConfig&quot;:true,&quot;stagePadding&quot;:0,&quot;margin&quot;:20,&quot;autoplay&quot;:false,&quot;mouseDrag&quot;:true,&quot;touchDrag&quot;:true,&quot;autoplayTimeout&quot;:5000,&quot;autoplayHoverPause&quot;:false,&quot;items&quot;:2.4,&quot;xl&quot;:2.4,&quot;lg&quot;:2.4,&quot;md&quot;:2.4,&quot;sm&quot;:1.5,&quot;xs&quot;:1,&quot;nav&quot;:&quot;yes&quot;,&quot;dots&quot;:false,&quot;animateIn&quot;:&quot;&quot;,&quot;animateOut&quot;:&quot;&quot;,&quot;loop&quot;:&quot;yes&quot;,&quot;center&quot;:false,&quot;video&quot;:false,&quot;lazyLoad&quot;:false,&quot;fullscreen&quot;:false}\"><\/div>[vc_custom_heading text=&#8221;Featured In&#8221; font_container=&#8221;tag:h2|font_size:1.75rem|text_align:left|line_height:1.2em&#8221; use_theme_fonts=&#8221;yes&#8221; css=&#8221;.vc_custom_1741744952472{margin-top: 4.95rem !important;margin-bottom: 1.55rem !important;}&#8221; letter_spacing=&#8221;0&#8243; css_params=&#8221;{&#8220;css_margin_top_lg&#8220;:&#8220;4.3rem&#8220;}&#8221; custom_css_response=&#8221;@media(max-width:991px){.vc_custom_1741744952472{margin-top:4.3rem!important;}}&#8221;][porto_tb_posts source=&#8221;terms&#8221; tax=&#8221;product_brand&#8221; orderby_term=&#8221;term_id&#8221; order=&#8221;ASC&#8221; spacing=&#8221;20&#8243; columns_tablet=&#8221;2&#8243; builder_id=&#8221;2096&#8243;][\/vc_column][\/vc_row]<\/p>\n<\/div>","protected":false},"excerpt":{"rendered":"<p>[vc_row wrap_container=&#8221;yes&#8221; conditional_render=&#8221;%5B%7B%22value_role%22%3A%22administrator%22%7D%5D&#8221; css_params=&#8221;{&#8220;css_margin_bottom_lg&#8220;:&#8220;4rem&#8220;}&#8221; css=&#8221;.vc_custom_1741745967721{margin-bottom: 5.05rem !important;background: #b08f75 url(\/\/sw-themes.com\/porto_dummy\/wp-content\/uploads\/2025\/02\/shop53-bg-4.jpg?id=2546) !important;background-position: center !important;background-repeat: no-repeat !important;background-size: cover !important;}&#8221; el_class=&#8221;overlay overlay-1 position-relative&#8221; custom_css_response=&#8221;@media(max-width:991px){.vc_custom_1741745967721{margin-bottom:4rem!important;}}&#8221;][vc_column css=&#8221;.vc_custom_1741738275428{padding-top: 25rem !important;padding-bottom: 3.875rem !important;}&#8221; conditional_render=&#8221;%5B%7B%22value_role%22%3A%22administrator%22%7D%5D&#8221; css_params=&#8221;{&#8220;css_padding_top_lg&#8220;:&#8220;19.3rem&#8220;,&#8220;css_padding_top_md&#8220;:&#8220;17.3rem&#8220;,&#8220;css_padding_bottom_md&#8220;:&#8220;2.3rem&#8220;}&#8221; custom_css_response=&#8221;@media(max-width:991px){.vc_custom_1741738275428{padding-top:19.3rem!important;}}@media(max-width:767px){.vc_custom_1741738275428{padding-top:17.3rem!important;padding-bottom:2.3rem!important;}}&#8221;][vc_single_image image=&#8221;584&#8243; img_size=&#8221;full&#8221; css=&#8221;.vc_custom_1741738159378{margin-bottom: 0px !important;}&#8221; animation_delay=&#8221;500&#8243; el_class=&#8221;img-pos-4 d-none d-md-block&#8221; css_params=&#8221;&#8221; animation_type=&#8221;fadeIn&#8221; img_width=&#8221;{&#8220;md&#8220;:&#8220;20&#8220;,&#8220;unit&#8220;:&#8220;rem&#8220;,&#8220;xs&#8220;:&#8220;&#8220;,&#8220;sm&#8220;:&#8220;&#8220;,&#8220;lg&#8220;:&#8220;&#8220;,&#8220;xl&#8220;:&#8220;&#8220;}&#8221;][\/vc_column][\/vc_row][vc_row wrap_container=&#8221;yes&#8221; conditional_render=&#8221;%5B%7B%22value_role%22%3A%22administrator%22%7D%5D&#8221; css_params=&#8221;&#8221;][vc_column][\/vc_column][\/vc_row][vc_row wrap_container=&#8221;yes&#8221; content_placement=&#8221;middle&#8221; conditional_render=&#8221;%5B%7B%22value_role%22%3A%22administrator%22%7D%5D&#8221; css_params=&#8221;{&#8220;css_margin_bottom_lg&#8220;:&#8220;4.3rem&#8220;}&#8221; css=&#8221;.vc_custom_1741744778477{margin-bottom: 5.95rem !important;}&#8221; custom_css_response=&#8221;@media(max-width:991px){.vc_custom_1741744778477{margin-bottom:4.3rem!important;}}&#8221;][vc_column width=&#8221;1\/3&#8243; el_class=&#8221;order-md-last&#8221; conditional_render=&#8221;%5B%7B%22value_role%22%3A%22administrator%22%7D%5D&#8221; css_params=&#8221;{&#8220;css_margin_bottom_md&#8220;:&#8220;2rem&#8220;}&#8221; [&hellip;]<\/p>\n","protected":false},"author":4,"featured_media":0,"parent":0,"menu_order":0,"comment_status":"closed","ping_status":"closed","template":"","meta":{"content-type":"","footnotes":""},"class_list":["post-35","page","type-page","status-publish","hentry"],"jetpack_sharing_enabled":true,"_links":{"self":[{"href":"https:\/\/ancuhome.net\/index.php\/wp-json\/wp\/v2\/pages\/35","targetHints":{"allow":["GET"]}}],"collection":[{"href":"https:\/\/ancuhome.net\/index.php\/wp-json\/wp\/v2\/pages"}],"about":[{"href":"https:\/\/ancuhome.net\/index.php\/wp-json\/wp\/v2\/types\/page"}],"author":[{"embeddable":true,"href":"https:\/\/ancuhome.net\/index.php\/wp-json\/wp\/v2\/users\/4"}],"replies":[{"embeddable":true,"href":"https:\/\/ancuhome.net\/index.php\/wp-json\/wp\/v2\/comments?post=35"}],"version-history":[{"count":10,"href":"https:\/\/ancuhome.net\/index.php\/wp-json\/wp\/v2\/pages\/35\/revisions"}],"predecessor-version":[{"id":5137,"href":"https:\/\/ancuhome.net\/index.php\/wp-json\/wp\/v2\/pages\/35\/revisions\/5137"}],"wp:attachment":[{"href":"https:\/\/ancuhome.net\/index.php\/wp-json\/wp\/v2\/media?parent=35"}],"curies":[{"name":"wp","href":"https:\/\/api.w.org\/{rel}","templated":true}]}}